{"id":1256,"date":"2020-08-13T17:16:49","date_gmt":"2020-08-13T15:16:49","guid":{"rendered":"http:\/\/unterwegs.wersa.de\/?page_id=1256"},"modified":"2024-06-26T16:54:09","modified_gmt":"2024-06-26T14:54:09","slug":"stellplatzuebersicht","status":"publish","type":"page","link":"http:\/\/unterwegs.wersa.de\/?page_id=1256","title":{"rendered":"Stellplatz\u00fcbersicht"},"content":{"rendered":"\n<p>Geplant ist es, in der Rubrik <strong>Stellplatzerfahrungen <\/strong>zu allen besuchten Pl\u00e4tzen eine Beschreibung zu erfassen. Hier habe ich erst einmal eine \u00dcbersicht aller in Frage kommenden Pl\u00e4tze erstellt. Jeder Platz kommt zumindest in den <strong>Reiseberichten <\/strong>vor. <\/p>\n\n\n\n<p>Ob ich die Stellplatzbeschreibungen je schaffen werde? Die bereits existierenden sind durch Fettdruck hervorgehoben und k\u00f6nnen hier oder direkt \u00fcber das Men\u00fc aufgerufen werden&#8230;<\/p>\n\n\n\n<div class=\"wp-block-columns is-layout-flex wp-container-core-columns-is-layout-1 wp-block-columns-is-layout-flex\">\n<div class=\"wp-block-column is-layout-flow wp-block-column-is-layout-flow\">\n<h2 class=\"wp-block-heading\">A-B<\/h2>\n\n\n\n<ul class=\"wp-block-list\">\n<li>Alpen<\/li>\n\n\n\n<li>Alt\u00f6tting<\/li>\n\n\n\n<li>Aufse\u00df<\/li>\n\n\n\n<li><strong><em><a href=\"http:\/\/unterwegs.wersa.de\/?page_id=4632\">Autun (F)<\/a><\/em><\/strong><\/li>\n\n\n\n<li>Bad Berka<\/li>\n\n\n\n<li>Bad Bodendorf<\/li>\n\n\n\n<li><a href=\"http:\/\/unterwegs.wersa.de\/?page_id=2633\" data-type=\"page\" data-id=\"2633\"><em><strong>Bad D\u00fcrrheim<\/strong><\/em><\/a><\/li>\n\n\n\n<li>Bad Reichenhall<\/li>\n\n\n\n<li>Bad Rothenfelde<\/li>\n\n\n\n<li><a href=\"http:\/\/unterwegs.wersa.de\/?page_id=3234\"><strong><em>Bad W\u00fcnnenberg (Video)<\/em><\/strong><\/a><\/li>\n\n\n\n<li><a href=\"http:\/\/unterwegs.wersa.de\/?page_id=5829\"><strong><em>Bad Zwesten<\/em><\/strong><\/a><\/li>\n\n\n\n<li>Balve<\/li>\n\n\n\n<li>Bayrischzell<\/li>\n\n\n\n<li><a href=\"http:\/\/unterwegs.wersa.de\/?page_id=3353\"><strong><em>Beckum (Video)<\/em><\/strong><\/a><\/li>\n\n\n\n<li>Bellersen<\/li>\n\n\n\n<li>Berchtesgaden<\/li>\n\n\n\n<li>Billerbeck<\/li>\n\n\n\n<li><a href=\"http:\/\/unterwegs.wersa.de\/?page_id=3248\"><strong><em>Blomberg (Video)<\/em><\/strong><\/a><\/li>\n\n\n\n<li>Brakel<\/li>\n\n\n\n<li>Bremerhaven<\/li>\n\n\n\n<li><a href=\"http:\/\/unterwegs.wersa.de\/?page_id=2432\" data-type=\"page\" data-id=\"2432\"><strong><em>Buchen <\/em><\/strong><\/a>(Odenwald)<\/li>\n\n\n\n<li>B\u00fcdingen<\/li>\n\n\n\n<li>Burgsteinfurt<\/li>\n<\/ul>\n<\/div>\n\n\n\n<div class=\"wp-block-column is-layout-flow wp-block-column-is-layout-flow\">\n<h2 class=\"wp-block-heading\">C-G<\/h2>\n\n\n\n<ul class=\"wp-block-list\">\n<li>Cham <\/li>\n\n\n\n<li>Diepholz<\/li>\n\n\n\n<li>Dinkelsb\u00fchl<\/li>\n\n\n\n<li>D\u00fcsseldorf<\/li>\n\n\n\n<li>Eichst\u00e4tt<\/li>\n\n\n\n<li>Elsfleth<\/li>\n\n\n\n<li><a href=\"http:\/\/unterwegs.wersa.de\/?page_id=1808\"><em><strong>Fl\u00f6rsbachtal<\/strong><\/em><\/a><\/li>\n\n\n\n<li>Frankenberg<\/li>\n\n\n\n<li>Frankenberg a.d.Eder<\/li>\n\n\n\n<li>Friedrichstadt<\/li>\n\n\n\n<li>Friedrichsthal<\/li>\n\n\n\n<li><a href=\"http:\/\/unterwegs.wersa.de\/?page_id=2428\"><em><strong>Gelting Mole<\/strong><\/em><\/a><\/li>\n\n\n\n<li>Grevenbroich<\/li>\n\n\n\n<li>Grefrath<\/li>\n<\/ul>\n<\/div>\n\n\n\n<div class=\"wp-block-column is-layout-flow wp-block-column-is-layout-flow\">\n<h2 class=\"wp-block-heading\">H-K<\/h2>\n\n\n\n<ul class=\"wp-block-list\">\n<li>Hassfurt<\/li>\n\n\n\n<li>Heide<\/li>\n\n\n\n<li>Herzebrock<\/li>\n\n\n\n<li><a href=\"http:\/\/unterwegs.wersa.de\/?page_id=1876\"><strong><em>Hofheim<\/em><\/strong><\/a><\/li>\n\n\n\n<li>Hohnstorf<\/li>\n\n\n\n<li>Holm<\/li>\n\n\n\n<li>H\u00f6xter<\/li>\n\n\n\n<li>Kappeln<\/li>\n\n\n\n<li><a href=\"http:\/\/unterwegs.wersa.de\/?page_id=3345\"><strong><em>Kaunitz (Video)<\/em><\/strong><\/a><\/li>\n\n\n\n<li>Kehlheim<\/li>\n\n\n\n<li>Kerkrade<\/li>\n\n\n\n<li>Kesten<\/li>\n\n\n\n<li>K\u00f6ln<\/li>\n\n\n\n<li>K\u00f6nigswinter<\/li>\n\n\n\n<li><a href=\"http:\/\/unterwegs.wersa.de\/?page_id=2716\" data-type=\"page\" data-id=\"2716\"><strong><em>K\u00f6erich \/ Lux (Video)<\/em><\/strong><\/a><\/li>\n\n\n\n<li>Korschenbroich<\/li>\n\n\n\n<li>Krumbach<\/li>\n\n\n\n<li><a href=\"http:\/\/unterwegs.wersa.de\/?page_id=1890\" data-type=\"page\" data-id=\"1890\"><strong><em>Kulmbach<\/em><\/strong><\/a><\/li>\n<\/ul>\n<\/div>\n<\/div>\n\n\n\n<div class=\"wp-block-columns is-layout-flex wp-container-core-columns-is-layout-2 wp-block-columns-is-layout-flex\">\n<div class=\"wp-block-column is-layout-flow wp-block-column-is-layout-flow\">\n<h2 class=\"wp-block-heading\">L-N<\/h2>\n\n\n\n<ul class=\"wp-block-list\">\n<li>Lahnstein<\/li>\n\n\n\n<li><a href=\"http:\/\/unterwegs.wersa.de\/?page_id=2290\"><strong><em>Lauenau<\/em><\/strong><\/a><\/li>\n\n\n\n<li>Lauenf\u00f6rde<\/li>\n\n\n\n<li>Leinatal<\/li>\n\n\n\n<li>Lemwerder<\/li>\n\n\n\n<li>Leutkirch<\/li>\n\n\n\n<li>Lich<\/li>\n\n\n\n<li>Lunden<\/li>\n\n\n\n<li><a href=\"http:\/\/unterwegs.wersa.de\/?page_id=4652\"><strong><em>Marmagne<\/em><\/strong> (F)<\/a><\/li>\n\n\n\n<li>Mei\u00dfenheim<\/li>\n\n\n\n<li><strong><em><a href=\"http:\/\/unterwegs.wersa.de\/?page_id=4654\">Melay (F)<\/a><\/em><\/strong><\/li>\n\n\n\n<li>Meldorf<\/li>\n\n\n\n<li>Mendig<\/li>\n\n\n\n<li><strong><em><a href=\"http:\/\/unterwegs.wersa.de\/?page_id=4656\">Montherm\u00e9 (F)<\/a><\/em><\/strong><\/li>\n\n\n\n<li><a href=\"http:\/\/unterwegs.wersa.de\/?page_id=4555\"><strong><em>Moosbach<\/em><\/strong><\/a><\/li>\n\n\n\n<li>Neuenkirchen-V\u00f6rden<\/li>\n\n\n\n<li>Nienburg<\/li>\n\n\n\n<li>Nordenham<\/li>\n\n\n\n<li>Nordkirchen<\/li>\n\n\n\n<li>N\u00f6rdlingen<\/li>\n<\/ul>\n<\/div>\n\n\n\n<div class=\"wp-block-column is-layout-flow wp-block-column-is-layout-flow\">\n<h2 class=\"wp-block-heading\">O-S<\/h2>\n\n\n\n<ul class=\"wp-block-list\">\n<li>Oberhausen<\/li>\n\n\n\n<li><a href=\"http:\/\/unterwegs.wersa.de\/?page_id=2482\" data-type=\"page\"><strong><em>Oberkirch<\/em><\/strong><\/a><\/li>\n\n\n\n<li>Ortenberg<\/li>\n\n\n\n<li>Ostbevern<\/li>\n\n\n\n<li>Ottenstein<\/li>\n\n\n\n<li>Ottobeuren<\/li>\n\n\n\n<li><a href=\"http:\/\/unterwegs.wersa.de\/?page_id=1672\"><strong><em>Papenburg<\/em><\/strong><\/a><\/li>\n\n\n\n<li>Plauen<\/li>\n\n\n\n<li>Pressig<\/li>\n\n\n\n<li>Rendsburg<\/li>\n\n\n\n<li>R\u00f6dental<\/li>\n\n\n\n<li><a href=\"http:\/\/unterwegs.wersa.de\/?page_id=2287\" data-type=\"page\" data-id=\"2287\"><strong><em>Rosendahl<\/em><\/strong><\/a><\/li>\n\n\n\n<li><a href=\"http:\/\/unterwegs.wersa.de\/?page_id=2702\" data-type=\"page\" data-id=\"2702\"><strong><em>Saint Quentin (F)<\/em><\/strong><\/a><\/li>\n\n\n\n<li><strong><em><a href=\"http:\/\/unterwegs.wersa.de\/?page_id=4612\">Sancoins (F)<\/a><\/em><\/strong><\/li>\n\n\n\n<li><a href=\"http:\/\/unterwegs.wersa.de\/?page_id=2519\" data-type=\"page\" data-id=\"2519\"><strong><em>Schiltach<\/em><\/strong><\/a><\/li>\n\n\n\n<li>Schleswig<\/li>\n\n\n\n<li>Schneeberg<\/li>\n\n\n\n<li><a href=\"http:\/\/unterwegs.wersa.de\/?page_id=4587\"><em><strong>Schwandorf<\/strong><\/em><\/a><\/li>\n\n\n\n<li>Schwarzenberg<\/li>\n\n\n\n<li>Segnitz<\/li>\n\n\n\n<li>Sendenhorst<\/li>\n<\/ul>\n<\/div>\n\n\n\n<div class=\"wp-block-column is-layout-flow wp-block-column-is-layout-flow\">\n<h2 class=\"wp-block-heading\">T-Z<\/h2>\n\n\n\n<ul class=\"wp-block-list\">\n<li>Taching am See<\/li>\n\n\n\n<li><a href=\"http:\/\/unterwegs.wersa.de\/?page_id=1951\"><strong><em>Thierstein<\/em><\/strong><\/a><\/li>\n\n\n\n<li><a href=\"http:\/\/unterwegs.wersa.de\/?page_id=4568\"><strong><em>Unkel<\/em><\/strong><\/a><\/li>\n\n\n\n<li><a href=\"http:\/\/unterwegs.wersa.de\/?page_id=2523\"><strong><em>Unterkirnach<\/em><\/strong><\/a><\/li>\n\n\n\n<li>Urmitz<\/li>\n\n\n\n<li><a href=\"http:\/\/unterwegs.wersa.de\/?page_id=1982\" data-type=\"page\" data-id=\"1982\"><strong><em>Uslar<\/em><\/strong><\/a><\/li>\n\n\n\n<li>Velbert<\/li>\n\n\n\n<li>Viersen<\/li>\n\n\n\n<li>V\u00f6llinghausen<\/li>\n\n\n\n<li><strong><em><a href=\"http:\/\/unterwegs.wersa.de\/?page_id=4526\" data-type=\"link\" data-id=\"http:\/\/unterwegs.wersa.de\/?page_id=1982\">Vohenstrau\u00df<\/a><\/em><\/strong><\/li>\n\n\n\n<li>Waldkappel<\/li>\n\n\n\n<li>Warendorf<\/li>\n\n\n\n<li>Wegberg<\/li>\n\n\n\n<li>Weilburg<\/li>\n\n\n\n<li>Wesel<\/li>\n\n\n\n<li>Wilhelmshaven<\/li>\n\n\n\n<li><a href=\"http:\/\/unterwegs.wersa.de\/?page_id=3373\"><strong><em>Wrexen (Video)<\/em><\/strong><\/a><\/li>\n\n\n\n<li>Zons <\/li>\n<\/ul>\n<\/div>\n<\/div>\n","protected":false},"excerpt":{"rendered":"<p>Geplant ist es, in der Rubrik Stellplatzerfahrungen zu allen besuchten Pl\u00e4tzen eine Beschreibung zu erfassen. Hier habe ich erst einmal eine \u00dcbersicht aller in Frage kommenden Pl\u00e4tze erstellt. Jeder Platz kommt zumindest in den Reiseberichten vor. Ob ich die Stellplatzbeschreibungen je schaffen werde? Die bereits existierenden sind durch Fettdruck hervorgehoben und k\u00f6nnen hier oder direkt&hellip;<\/p>\n","protected":false},"author":2,"featured_media":0,"parent":0,"menu_order":0,"comment_status":"closed","ping_status":"closed","template":"","meta":{"footnotes":""},"class_list":["post-1256","page","type-page","status-publish","hentry"],"_links":{"self":[{"href":"http:\/\/unterwegs.wersa.de\/index.php?rest_route=\/wp\/v2\/pages\/1256","targetHints":{"allow":["GET"]}}],"collection":[{"href":"http:\/\/unterwegs.wersa.de\/index.php?rest_route=\/wp\/v2\/pages"}],"about":[{"href":"http:\/\/unterwegs.wersa.de\/index.php?rest_route=\/wp\/v2\/types\/page"}],"author":[{"embeddable":true,"href":"http:\/\/unterwegs.wersa.de\/index.php?rest_route=\/wp\/v2\/users\/2"}],"replies":[{"embeddable":true,"href":"http:\/\/unterwegs.wersa.de\/index.php?rest_route=%2Fwp%2Fv2%2Fcomments&post=1256"}],"version-history":[{"count":52,"href":"http:\/\/unterwegs.wersa.de\/index.php?rest_route=\/wp\/v2\/pages\/1256\/revisions"}],"predecessor-version":[{"id":5847,"href":"http:\/\/unterwegs.wersa.de\/index.php?rest_route=\/wp\/v2\/pages\/1256\/revisions\/5847"}],"wp:attachment":[{"href":"http:\/\/unterwegs.wersa.de\/index.php?rest_route=%2Fwp%2Fv2%2Fmedia&parent=1256"}],"curies":[{"name":"wp","href":"https:\/\/api.w.org\/{rel}","templated":true}]}}