{"id":1672,"date":"2020-03-29T17:00:00","date_gmt":"2020-03-29T15:00:00","guid":{"rendered":"http:\/\/unterwegs.wersa.de\/?page_id=1672"},"modified":"2023-11-08T18:03:28","modified_gmt":"2023-11-08T17:03:28","slug":"stellplatz","status":"publish","type":"page","link":"http:\/\/unterwegs.wersa.de\/?page_id=1672","title":{"rendered":"Papenburg"},"content":{"rendered":"\n<p class=\"has-text-color has-text-align-center has-vivid-cyan-blue-color\">Titelbild: Frederike neben dem Arkadenhaus<\/p>\n\n\n\n<p>Es gibt verschiedene M\u00f6glichkeiten, in Papenburg mit dem Wohnmobil unterzukommen. Wir haben Erfahrungen an zwei Orten gesammelt, das ist der Stellplatz <strong><em>beim Roten Kreuz<\/em><\/strong> und beim <strong><em>Gasthaus zur M\u00fchle<\/em><\/strong> (siehe unten). <\/p>\n\n\n\n<p>Weitere Empfehlungen sind der Stellplatz <em><strong>am Sch\u00fctzenplatz<\/strong><\/em>, betrieben von einem Restaurant, und der Stellplatz am <em><strong>Camping Poggenpoel<\/strong><\/em>. Beide haben wir selbst noch nicht getestet.<\/p>\n\n\n\n<h3 class=\"wp-block-heading\">Beim Roten Kreuz<\/h3>\n\n\n\n<ul class=\"wp-block-list\"><li>Adresse: Ratshausstra\u00dfe 11, 26871 Papenburg <\/li><li>Anzahl Stellfl\u00e4chen: 30 offiziell; der Parkplatz ist deutlich gr\u00f6\u00dfer <\/li><li>Preis: 8\u20ac offiziell, im M\u00e4rz 2020 keine Geb\u00fchr<\/li><li>Einrichtung: Keine<\/li><\/ul>\n\n\n\n<figure class=\"wp-block-image size-large\"><img loading=\"lazy\" decoding=\"async\" width=\"618\" height=\"355\" src=\"http:\/\/unterwegs.wersa.de\/wp-content\/uploads\/2020\/04\/IMG_4527.jpg\" alt=\"\" class=\"wp-image-1697\" srcset=\"http:\/\/unterwegs.wersa.de\/wp-content\/uploads\/2020\/04\/IMG_4527.jpg 618w, http:\/\/unterwegs.wersa.de\/wp-content\/uploads\/2020\/04\/IMG_4527-300x172.jpg 300w\" sizes=\"auto, (max-width: 618px) 100vw, 618px\" \/><\/figure>\n\n\n\n<p>Der Stellplatz liegt sehr zentral und ist f\u00fcr den Besuch der Innenstadt ideal. Gleich in der N\u00e4he befindet sich das Arkadenhaus, die Friederike und die Einkaufsstra\u00dfe entlang des Hauptkanals. Im Arkadenhaus bekommt man Tickets f\u00fcr eine Meyer-Werftbesichtigung und kann bei sehr angenehmem Ambiente einkehren. <\/p>\n\n\n\n<p>Der Stellplatz selbst ist Teil eines gro\u00dfen Parkplatzes am Rande der B70.  Man steht zwar auf festem Untergrund, bei Regen kann es aber vielleicht matschig werden. Der Verkehrsl\u00e4rm h\u00e4lt sich in Grenzen, sofern man nicht gleich neben der Stra\u00dfe steht.  Voraussetzung ist autarkes stehen, Ver- und Entsorgung, sowie Stromanschl\u00fcsse sind nicht vorhanden.  <\/p>\n\n\n\n<p>Ein Platzwart nimmt die Platzgeb\u00fchr von 8 \u20ac ein, im M\u00e4rz 2020 jedoch haben wir ihn nicht gesehen und die Nacht kostenlos verbracht.  Es kann vorkommen, dass der Grossparkplatz einmal von z.B. einem Zirkus  belegt ist. Dann muss man auf eine der Alternativen ausweichen.  <\/p>\n\n\n\n<h3 class=\"wp-block-heading\">Gasthaus zur M\u00fchle<\/h3>\n\n\n\n<ul class=\"wp-block-list\"><li>Adresse: M\u00fchlenstra\u00dfe 214, 26810 Westoverledingen <\/li><li>Anzahl Stellfl\u00e4chen: 30  <\/li><li>Preis: 6\u20ac (2019)<\/li><li>Einrichtung: Strom und Ver- &amp; Entsorgung inklusive<\/li><\/ul>\n\n\n\n<figure class=\"wp-block-image size-large\"><img loading=\"lazy\" decoding=\"async\" width=\"618\" height=\"355\" src=\"http:\/\/unterwegs.wersa.de\/wp-content\/uploads\/2020\/04\/IMG_3132.jpg\" alt=\"\" class=\"wp-image-1696\" srcset=\"http:\/\/unterwegs.wersa.de\/wp-content\/uploads\/2020\/04\/IMG_3132.jpg 618w, http:\/\/unterwegs.wersa.de\/wp-content\/uploads\/2020\/04\/IMG_3132-300x172.jpg 300w\" sizes=\"auto, (max-width: 618px) 100vw, 618px\" \/><\/figure>\n\n\n\n<p>Die M\u00fchle ist eine charmantes Gasthaus, das zur Einkehr einl\u00e4dt. Es liegt von Papenburg aus nord\u00f6stlich kurz vor Steenfelde. Zum Arkadenhaus sind es mit dem Fahrrad ca. 7,5 km und zur Meyer Werft etwas mehr als 10 km.<\/p>\n\n\n\n<div class=\"wp-block-image\"><figure class=\"alignleft size-large is-resized\"><img loading=\"lazy\" decoding=\"async\" src=\"http:\/\/unterwegs.wersa.de\/wp-content\/uploads\/2020\/04\/IMG_3123.jpg\" alt=\"\" class=\"wp-image-1695\" width=\"227\" height=\"170\"\/><\/figure><\/div>\n\n\n\n<p>Hinter dem Haus hei\u00dft man die Wohnmobilisten willkommen, die auf einer gro\u00dfen Kurzrasenfl\u00e4che Platz finden. Der Untergrund ist sandig. Man meldet sich in der Gastst\u00e4tte an und findet auch eine Entsorgungseinrichtung mit Bodeneinlass und separatem M\u00fcllbeh\u00e4lter f\u00fcr Hundet\u00fcten vor (rot im Bild).<\/p>\n\n\n\n<p>Wir haben hier sehr ruhige N\u00e4chte verbracht, es gibt keinen Verkehrsl\u00e4rm, Fahrr\u00e4der sind von Vorteil. Die K\u00fcche k\u00f6nnen wir empfehlen, insbesondere die Fischplatte.<\/p>\n\n\n\n<p>  <\/p>\n","protected":false},"excerpt":{"rendered":"<p>Titelbild: Frederike neben dem Arkadenhaus Es gibt verschiedene M\u00f6glichkeiten, in Papenburg mit dem Wohnmobil unterzukommen. Wir haben Erfahrungen an zwei Orten gesammelt, das ist der Stellplatz beim Roten Kreuz und beim Gasthaus zur M\u00fchle (siehe unten). Weitere Empfehlungen sind der Stellplatz am Sch\u00fctzenplatz, betrieben von einem Restaurant, und der Stellplatz am Camping Poggenpoel. Beide haben&hellip;<\/p>\n","protected":false},"author":2,"featured_media":1699,"parent":1256,"menu_order":0,"comment_status":"closed","ping_status":"closed","template":"","meta":{"footnotes":""},"class_list":["post-1672","page","type-page","status-publish","has-post-thumbnail","hentry"],"_links":{"self":[{"href":"http:\/\/unterwegs.wersa.de\/index.php?rest_route=\/wp\/v2\/pages\/1672","targetHints":{"allow":["GET"]}}],"collection":[{"href":"http:\/\/unterwegs.wersa.de\/index.php?rest_route=\/wp\/v2\/pages"}],"about":[{"href":"http:\/\/unterwegs.wersa.de\/index.php?rest_route=\/wp\/v2\/types\/page"}],"author":[{"embeddable":true,"href":"http:\/\/unterwegs.wersa.de\/index.php?rest_route=\/wp\/v2\/users\/2"}],"replies":[{"embeddable":true,"href":"http:\/\/unterwegs.wersa.de\/index.php?rest_route=%2Fwp%2Fv2%2Fcomments&post=1672"}],"version-history":[{"count":37,"href":"http:\/\/unterwegs.wersa.de\/index.php?rest_route=\/wp\/v2\/pages\/1672\/revisions"}],"predecessor-version":[{"id":1755,"href":"http:\/\/unterwegs.wersa.de\/index.php?rest_route=\/wp\/v2\/pages\/1672\/revisions\/1755"}],"up":[{"embeddable":true,"href":"http:\/\/unterwegs.wersa.de\/index.php?rest_route=\/wp\/v2\/pages\/1256"}],"wp:featuredmedia":[{"embeddable":true,"href":"http:\/\/unterwegs.wersa.de\/index.php?rest_route=\/wp\/v2\/media\/1699"}],"wp:attachment":[{"href":"http:\/\/unterwegs.wersa.de\/index.php?rest_route=%2Fwp%2Fv2%2Fmedia&parent=1672"}],"curies":[{"name":"wp","href":"https:\/\/api.w.org\/{rel}","templated":true}]}}