{"id":1876,"date":"2020-07-29T12:54:11","date_gmt":"2020-07-29T10:54:11","guid":{"rendered":"http:\/\/unterwegs.wersa.de\/?page_id=1876"},"modified":"2020-08-15T12:56:02","modified_gmt":"2020-08-15T10:56:02","slug":"hofheim","status":"publish","type":"page","link":"http:\/\/unterwegs.wersa.de\/?page_id=1876","title":{"rendered":"Hofheim"},"content":{"rendered":"\n<p class=\"has-text-align-center has-vivid-cyan-blue-color has-text-color\">Titelbild: Fachwerk im historischen Ortskern<\/p>\n\n\n\n<p>Hofheim liegt knapp 30 km nord\u00f6stlich von Schweinfurt, der Stellplatz nordwestlich vom historischen Stadtkern. Er liegt am Stadtrand neben dem Freibad und hinter einem Schul- und Sportgel\u00e4nde. Er bietet 29 Stellfl\u00e4chen, ordentliche Ver- und Entsorgungsm\u00f6glichkeiten mit Bodeneinlass und ein Dusch- und Toilettenhaus. Dort befinden sich auch Waschmaschine und Trockner.<\/p>\n\n\n\n<div class=\"wp-block-image\"><figure class=\"alignleft size-large is-resized\"><img loading=\"lazy\" decoding=\"async\" src=\"http:\/\/unterwegs.wersa.de\/wp-content\/uploads\/2020\/08\/IMG_5004-1.jpg\" alt=\"\" class=\"wp-image-1883\" width=\"431\" height=\"300\" srcset=\"http:\/\/unterwegs.wersa.de\/wp-content\/uploads\/2020\/08\/IMG_5004-1.jpg 618w, http:\/\/unterwegs.wersa.de\/wp-content\/uploads\/2020\/08\/IMG_5004-1-300x209.jpg 300w\" sizes=\"auto, (max-width: 431px) 100vw, 431px\" \/><\/figure><\/div>\n\n\n\n<p>Die Stellfl\u00e4chen liegen aufgereiht links und rechts des Fahrwegs, sind geschottert und bieten auch Fahrzeugen \u00fcber 8 Metern Platz, ab 10 Meter wirds aber dann auch schon eng. Wenn nebeneinander liegende Pl\u00e4tze belegt sind, kann es zwar mit der Markise etwas eng werden, aber normalerweise ist der Platz ausreichend. Alles macht einen sehr gepflegten Eindruck, im Juni 2020 haben wir 8\u20ac bezahlt.<\/p>\n\n\n\n<div class=\"wp-block-image\"><figure class=\"alignright size-large is-resized\"><img loading=\"lazy\" decoding=\"async\" src=\"http:\/\/unterwegs.wersa.de\/wp-content\/uploads\/2020\/08\/IMG_5004.jpg\" alt=\"\" class=\"wp-image-1880\" width=\"168\" height=\"98\"\/><\/figure><\/div>\n\n\n\n<p>In den historischen Ortskern gelangt man in ca. 10 Minuten bequem zu Fu\u00df, der Weg dorthin ist ausgeschildert. Im Ortskern findet man den Marktplatz mit sehenswerten Fachwerkh\u00e4usern, Gastronomie und verschiedene Gesch\u00e4fte. Auch Superm\u00e4rkte gibt es etwas weiter au\u00dferhalb.<\/p>\n\n\n\n<p><\/p>\n","protected":false},"excerpt":{"rendered":"<p>Titelbild: Fachwerk im historischen Ortskern Hofheim liegt knapp 30 km nord\u00f6stlich von Schweinfurt, der Stellplatz nordwestlich vom historischen Stadtkern. Er liegt am Stadtrand neben dem Freibad und hinter einem Schul- und Sportgel\u00e4nde. Er bietet 29 Stellfl\u00e4chen, ordentliche Ver- und Entsorgungsm\u00f6glichkeiten mit Bodeneinlass und ein Dusch- und Toilettenhaus. Dort befinden sich auch Waschmaschine und Trockner. Die&hellip;<\/p>\n","protected":false},"author":1,"featured_media":1881,"parent":0,"menu_order":0,"comment_status":"closed","ping_status":"closed","template":"","meta":{"footnotes":""},"class_list":["post-1876","page","type-page","status-publish","has-post-thumbnail","hentry"],"_links":{"self":[{"href":"http:\/\/unterwegs.wersa.de\/index.php?rest_route=\/wp\/v2\/pages\/1876","targetHints":{"allow":["GET"]}}],"collection":[{"href":"http:\/\/unterwegs.wersa.de\/index.php?rest_route=\/wp\/v2\/pages"}],"about":[{"href":"http:\/\/unterwegs.wersa.de\/index.php?rest_route=\/wp\/v2\/types\/page"}],"author":[{"embeddable":true,"href":"http:\/\/unterwegs.wersa.de\/index.php?rest_route=\/wp\/v2\/users\/1"}],"replies":[{"embeddable":true,"href":"http:\/\/unterwegs.wersa.de\/index.php?rest_route=%2Fwp%2Fv2%2Fcomments&post=1876"}],"version-history":[{"count":4,"href":"http:\/\/unterwegs.wersa.de\/index.php?rest_route=\/wp\/v2\/pages\/1876\/revisions"}],"predecessor-version":[{"id":1885,"href":"http:\/\/unterwegs.wersa.de\/index.php?rest_route=\/wp\/v2\/pages\/1876\/revisions\/1885"}],"wp:featuredmedia":[{"embeddable":true,"href":"http:\/\/unterwegs.wersa.de\/index.php?rest_route=\/wp\/v2\/media\/1881"}],"wp:attachment":[{"href":"http:\/\/unterwegs.wersa.de\/index.php?rest_route=%2Fwp%2Fv2%2Fmedia&parent=1876"}],"curies":[{"name":"wp","href":"https:\/\/api.w.org\/{rel}","templated":true}]}}