{"id":194,"date":"2018-08-15T09:56:25","date_gmt":"2018-08-15T07:56:25","guid":{"rendered":"http:\/\/unterwegs.wersa.de\/?page_id=194"},"modified":"2018-08-21T13:16:09","modified_gmt":"2018-08-21T11:16:09","slug":"tipps","status":"publish","type":"page","link":"http:\/\/unterwegs.wersa.de\/?page_id=194","title":{"rendered":"Tipps &#038; Tricks"},"content":{"rendered":"<p>Unter den Wohnmobilisten gibt es viele alte Hasen und noch mehr Menschen, die dieses Lebensgef\u00fchl erst in j\u00fcngerer Zeit f\u00fcr sich entdeckt haben. Unter <strong>Tipps &amp; Tricks<\/strong> werde ich N\u00fctzliches und Hilfreiches aufschreiben, das wir im Laufe der Jahre selbst oder auch durch andere erfahren und gelernt haben.<\/p>\n<p>Oft weiss man nicht, wie man sich verhalten oder ein kleines Problem l\u00f6sen soll, und manchmal kann man sich einfacher helfen als man denkt. Deshalb sammle ich hier ein paar Ideen, die auch anderen vielleicht von Nutzen sein k\u00f6nnen.<\/p>\n<p>Zus\u00e4tzlich entsteht unter diesem Oberbegriffe ein kleiner <strong>WoMo-Knigge<\/strong> mit einigen Hinweisen, wie man sich verhalten sollte, um andere nicht zu st\u00f6ren oder gar zu bel\u00e4stigen.<\/p>\n","protected":false},"excerpt":{"rendered":"<p>Unter den Wohnmobilisten gibt es viele alte Hasen und noch mehr Menschen, die dieses Lebensgef\u00fchl erst in j\u00fcngerer Zeit f\u00fcr sich entdeckt haben. Unter Tipps &amp; Tricks werde ich N\u00fctzliches und Hilfreiches aufschreiben, das wir im Laufe der Jahre selbst oder auch durch andere erfahren und gelernt haben. Oft weiss man nicht, wie man sich&hellip;<\/p>\n","protected":false},"author":2,"featured_media":0,"parent":0,"menu_order":0,"comment_status":"closed","ping_status":"closed","template":"","meta":{"footnotes":""},"class_list":["post-194","page","type-page","status-publish","hentry"],"_links":{"self":[{"href":"http:\/\/unterwegs.wersa.de\/index.php?rest_route=\/wp\/v2\/pages\/194","targetHints":{"allow":["GET"]}}],"collection":[{"href":"http:\/\/unterwegs.wersa.de\/index.php?rest_route=\/wp\/v2\/pages"}],"about":[{"href":"http:\/\/unterwegs.wersa.de\/index.php?rest_route=\/wp\/v2\/types\/page"}],"author":[{"embeddable":true,"href":"http:\/\/unterwegs.wersa.de\/index.php?rest_route=\/wp\/v2\/users\/2"}],"replies":[{"embeddable":true,"href":"http:\/\/unterwegs.wersa.de\/index.php?rest_route=%2Fwp%2Fv2%2Fcomments&post=194"}],"version-history":[{"count":4,"href":"http:\/\/unterwegs.wersa.de\/index.php?rest_route=\/wp\/v2\/pages\/194\/revisions"}],"predecessor-version":[{"id":254,"href":"http:\/\/unterwegs.wersa.de\/index.php?rest_route=\/wp\/v2\/pages\/194\/revisions\/254"}],"wp:attachment":[{"href":"http:\/\/unterwegs.wersa.de\/index.php?rest_route=%2Fwp%2Fv2%2Fmedia&parent=194"}],"curies":[{"name":"wp","href":"https:\/\/api.w.org\/{rel}","templated":true}]}}