{"id":1982,"date":"2020-08-25T20:37:28","date_gmt":"2020-08-25T18:37:28","guid":{"rendered":"http:\/\/unterwegs.wersa.de\/?page_id=1982"},"modified":"2021-08-16T16:43:22","modified_gmt":"2021-08-16T14:43:22","slug":"uslar-reisemobilpark","status":"publish","type":"page","link":"http:\/\/unterwegs.wersa.de\/?page_id=1982","title":{"rendered":"Uslar Reisemobilpark"},"content":{"rendered":"\n<p class=\"has-text-align-center has-vivid-cyan-blue-color has-text-color\">Titelbild: Das Rathas in Uslar<\/p>\n\n\n\n<div class=\"wp-block-image\"><figure class=\"alignleft size-large is-resized\"><img loading=\"lazy\" decoding=\"async\" src=\"http:\/\/unterwegs.wersa.de\/wp-content\/uploads\/2020\/08\/IMG_5557.jpg\" alt=\"\" class=\"wp-image-1983\" width=\"445\" height=\"243\"\/><\/figure><\/div>\n\n\n\n<p>Uslar liegt ca. 25 km s\u00fcd\u00f6stlich von H\u00f6xter und den Reisemobilpark Uslar findet man gleich neben dem Uslarer Badepark. 20 Mobile finden einen aufger\u00e4umten Stellplatz vor, jeder einzelne mit Rasengitter f\u00fcr das Mobil und daneben einer Rasenfl\u00e4che f\u00fcr Markise, Tisch und St\u00fchle. Der Platz liegt an keiner Durchgangsstra\u00dfe und ist daher ein ruhiger Erholungsort.<\/p>\n\n\n\n<div class=\"wp-block-image\"><figure class=\"alignright size-large is-resized\"><img loading=\"lazy\" decoding=\"async\" src=\"http:\/\/unterwegs.wersa.de\/wp-content\/uploads\/2020\/08\/IMG_5561.jpg\" alt=\"\" class=\"wp-image-1985\" width=\"371\" height=\"297\" srcset=\"http:\/\/unterwegs.wersa.de\/wp-content\/uploads\/2020\/08\/IMG_5561.jpg 618w, http:\/\/unterwegs.wersa.de\/wp-content\/uploads\/2020\/08\/IMG_5561-300x241.jpg 300w\" sizes=\"auto, (max-width: 371px) 100vw, 371px\" \/><\/figure><\/div>\n\n\n\n<p>Direkt am Platz gibt es Stroms\u00e4ulen, Frischwasser und M\u00fcllentsorgung, die Enstsorgung liegt ca. 200 Meter vor dem Platz gleich bei der Anfahrt. Hier wurde leider keine ordentliche Trennung f\u00fcr Frischwasser und Toilettensp\u00fclwasser vorgenommen (nicht jeder b\u00fcckt sich zum Umzusp\u00fclen der Toilette). Deshalb empfehle ich Frischwasser auf dem Stellplatz aufzuf\u00fcllen. Die Platzgeb\u00fchr von 6\u20ac (August 2020) entrichtet man beim Badeland, in der Stadt beim B\u00fcrgerb\u00fcro oder bei der netten Dame, die morgens fr\u00fch um 9 Uhr pers\u00f6nlich kassiert.<\/p>\n\n\n\n<p>In der N\u00e4he des Stellplatzes gibt es eine Imbissm\u00f6glichkeit, etwas weiter Superm\u00e4rkte, einen Baumarkt und weitere Einkaufsm\u00f6glichkeiten. Der Weg in die Stadt selbst ist etwas weiter, aber der Weg dorthin ist lohnenswert. Die historische Altstadt mit viel Fachwerk und netten Einkaufsm\u00f6glichkeiten in der Fu\u00dfg\u00e4ngezone sollte man sich unbedingt ansehen.<\/p>\n\n\n\n<div class=\"wp-block-image\"><figure class=\"alignleft size-large is-resized\"><img loading=\"lazy\" decoding=\"async\" src=\"http:\/\/unterwegs.wersa.de\/wp-content\/uploads\/2020\/08\/IMG_5551.jpg\" alt=\"\" class=\"wp-image-1984\" width=\"425\" height=\"323\" srcset=\"http:\/\/unterwegs.wersa.de\/wp-content\/uploads\/2020\/08\/IMG_5551.jpg 618w, http:\/\/unterwegs.wersa.de\/wp-content\/uploads\/2020\/08\/IMG_5551-300x229.jpg 300w, http:\/\/unterwegs.wersa.de\/wp-content\/uploads\/2020\/08\/IMG_5551-120x90.jpg 120w\" sizes=\"auto, (max-width: 425px) 100vw, 425px\" \/><\/figure><\/div>\n\n\n\n<p>In Uslar gibt es auch die Privatbrauerei Bergbr\u00e4u und so verwundert es nicht, dass in den vielen Einkehrm\u00f6glichkeiten besonders das heimische Bier angeboten wird. In der Brauerei selbst staunt man, wie viele verschiedene Sorten hier entstehen und bat\u00fcrlich k\u00f6nnen diese hier auch k\u00e4uflich erworben oder als Geschenkepaket zusammengestellt werden.<\/p>\n\n\n\n<p>Der Aufenthalt im Reisemobilpark Uslar ist sehr angenehm und kann auch f\u00fcr den Start einer kleinen Entdeckungsreise genutzt werden. \u00dcber das Badeland nebenan kann ich leider (noch) keine Aussage treffen, denn w\u00e4hrend meines Aufenthalts war es leider, wahrscheinlich Corona-bedingt, geschlossen.<\/p>\n","protected":false},"excerpt":{"rendered":"<p>Titelbild: Das Rathas in Uslar Uslar liegt ca. 25 km s\u00fcd\u00f6stlich von H\u00f6xter und den Reisemobilpark Uslar findet man gleich neben dem Uslarer Badepark. 20 Mobile finden einen aufger\u00e4umten Stellplatz vor, jeder einzelne mit Rasengitter f\u00fcr das Mobil und daneben einer Rasenfl\u00e4che f\u00fcr Markise, Tisch und St\u00fchle. Der Platz liegt an keiner Durchgangsstra\u00dfe und ist&hellip;<\/p>\n","protected":false},"author":1,"featured_media":1986,"parent":0,"menu_order":0,"comment_status":"closed","ping_status":"closed","template":"","meta":{"footnotes":""},"class_list":["post-1982","page","type-page","status-publish","has-post-thumbnail","hentry"],"_links":{"self":[{"href":"http:\/\/unterwegs.wersa.de\/index.php?rest_route=\/wp\/v2\/pages\/1982","targetHints":{"allow":["GET"]}}],"collection":[{"href":"http:\/\/unterwegs.wersa.de\/index.php?rest_route=\/wp\/v2\/pages"}],"about":[{"href":"http:\/\/unterwegs.wersa.de\/index.php?rest_route=\/wp\/v2\/types\/page"}],"author":[{"embeddable":true,"href":"http:\/\/unterwegs.wersa.de\/index.php?rest_route=\/wp\/v2\/users\/1"}],"replies":[{"embeddable":true,"href":"http:\/\/unterwegs.wersa.de\/index.php?rest_route=%2Fwp%2Fv2%2Fcomments&post=1982"}],"version-history":[{"count":7,"href":"http:\/\/unterwegs.wersa.de\/index.php?rest_route=\/wp\/v2\/pages\/1982\/revisions"}],"predecessor-version":[{"id":2494,"href":"http:\/\/unterwegs.wersa.de\/index.php?rest_route=\/wp\/v2\/pages\/1982\/revisions\/2494"}],"wp:featuredmedia":[{"embeddable":true,"href":"http:\/\/unterwegs.wersa.de\/index.php?rest_route=\/wp\/v2\/media\/1986"}],"wp:attachment":[{"href":"http:\/\/unterwegs.wersa.de\/index.php?rest_route=%2Fwp%2Fv2%2Fmedia&parent=1982"}],"curies":[{"name":"wp","href":"https:\/\/api.w.org\/{rel}","templated":true}]}}