{"id":208,"date":"2018-08-20T13:32:07","date_gmt":"2018-08-20T11:32:07","guid":{"rendered":"http:\/\/unterwegs.wersa.de\/?page_id=208"},"modified":"2018-09-12T09:49:41","modified_gmt":"2018-09-12T07:49:41","slug":"technik","status":"publish","type":"page","link":"http:\/\/unterwegs.wersa.de\/?page_id=208","title":{"rendered":"Technik"},"content":{"rendered":"<p>Technik rund ums Reisemobil erkl\u00e4re ich hier aus zwei unterschiedlichen Blickwinkeln. Tecnik iim Reisemobil und Technik auf dem Stellplatz. Im Reisemobil selbst gibt es jede Menge Technik wie z.B. K\u00fchlen, Heizen, Energieversorgung, Wasserversorgung, um nur ein paar Oberbegriffe zu nennen.\u00a0 Auch auf den Stell- und Campingpl\u00e4tzen wird man mit technischen Ausstattungsmerkmalen konfrontiert, was dem Neuling vielleicht erst einmal fremd erscheinen, und da schadet nicht, sich damit auch vorab ein wenig auseinanderzusetzen, diese Dinge sollen ja den Aufenthalt auf dem Platz angenehmer machen.<\/p>\n<h3>Reisemobiltechnik<\/h3>\n<p>Wer ein Mobil mieten m\u00f6chte, starte seine Reise in der Regel mit einer l\u00e4ngeren Einf\u00fchrung, um auf dem ersten Stellplatz dann festzustellen, dass man hier oder da doch nicht alle Details mitbekommen hat. Und wer sich einmal zum Kauf eines Reisemobils entschlossen hat, br\u00fctet dann oft tagelang \u00fcber den Einzelheiten der Ausstattungslisten und Zbeh\u00f6rkatalogen. Bei den Grundausstattungen gibt Unterschiede und bei den Zusatzausstattungen Unverzichtbares, aber auch mehr oder weniger Sinnvolles.<\/p>\n<p>Viele Dinge kann man in seinem Mobil nachr\u00fcsten und dabei auch eine Menge Geld ausgeben, da hat wohl auch jeder seine ganz pers\u00f6nlichen Pr\u00e4ferenzen. Deshalb werde ich hier auch Vor- und Nachteile der ein oder anderen Variante erl\u00e4utern, ganz subjektiv aus der eigenen Erfahrung heraus. Wichtig ist aber auch, dass man bei jedem Ausstattungsmerkmal die zus\u00e4tzlichen Kilos im Auge beh\u00e4lt.<\/p>\n<h3>Stellplatztechnik<\/h3>\n<p>Stellpl\u00e4tze haben sich in den letzten 10 Jahren stark vermehrt und auch von ihrer Ausstattung sehr ver\u00e4ndert. F\u00fcr die Ver- und Entsordung gibt es unterschiedliche Konzepte, welche Einrichtung brauche ich? Wann kann man einen Campingplatz empfehlen und wann f\u00e4hrt man besser einen Stellplatz an. Campingpl\u00e4tze sind f\u00fcr den Wohnmobilisten nicht immer automatisch die bessere Wahl, denn manche sind leider nicht an die speziellen Bed\u00fcrfnisse eines Reisemobils angepasst.<\/p>\n<h3>Verkehr<\/h3>\n<p>Mit einem Reismobil zu fahren erfordert einige Kenntnisse \u00fcber den Umgang mit einem PKW hinaus. Das gilt insbesondere f\u00fcr die Fahrzeuge, die mehr als 3,5 to Gesamtlast aufweisen. Bei den Regelungen bzgl. der erlaubten Geschwindigkeiten wird das auch besonders im au\u00dferhalb Deutschlands sp\u00fcrbar. Hier werde ich einige Besonderheiten beschreiben.<\/p>\n<p>Zun\u00e4chst m\u00fcsst Ihr Euch mit dieser Einstiegsseite hier begn\u00fcgen, aber Die ersten Technik-Artikel sind bereits in der Vorbereitung&#8230;<\/p>\n<p>Sollten mich Anregungen oder Fragen erreichen, werde ich dem nach M\u00f6glichkeit nachgehen und diese beantworten. Also viel Spa\u00df beim St\u00f6bern auf diesen Seiten.<\/p>\n<h4><\/h4>\n","protected":false},"excerpt":{"rendered":"<p>Technik rund ums Reisemobil erkl\u00e4re ich hier aus zwei unterschiedlichen Blickwinkeln. Tecnik iim Reisemobil und Technik auf dem Stellplatz. Im Reisemobil selbst gibt es jede Menge Technik wie z.B. K\u00fchlen, Heizen, Energieversorgung, Wasserversorgung, um nur ein paar Oberbegriffe zu nennen.\u00a0 Auch auf den Stell- und Campingpl\u00e4tzen wird man mit technischen Ausstattungsmerkmalen konfrontiert, was dem Neuling&hellip;<\/p>\n","protected":false},"author":2,"featured_media":218,"parent":0,"menu_order":0,"comment_status":"closed","ping_status":"closed","template":"","meta":{"footnotes":""},"class_list":["post-208","page","type-page","status-publish","has-post-thumbnail","hentry"],"_links":{"self":[{"href":"http:\/\/unterwegs.wersa.de\/index.php?rest_route=\/wp\/v2\/pages\/208","targetHints":{"allow":["GET"]}}],"collection":[{"href":"http:\/\/unterwegs.wersa.de\/index.php?rest_route=\/wp\/v2\/pages"}],"about":[{"href":"http:\/\/unterwegs.wersa.de\/index.php?rest_route=\/wp\/v2\/types\/page"}],"author":[{"embeddable":true,"href":"http:\/\/unterwegs.wersa.de\/index.php?rest_route=\/wp\/v2\/users\/2"}],"replies":[{"embeddable":true,"href":"http:\/\/unterwegs.wersa.de\/index.php?rest_route=%2Fwp%2Fv2%2Fcomments&post=208"}],"version-history":[{"count":9,"href":"http:\/\/unterwegs.wersa.de\/index.php?rest_route=\/wp\/v2\/pages\/208\/revisions"}],"predecessor-version":[{"id":319,"href":"http:\/\/unterwegs.wersa.de\/index.php?rest_route=\/wp\/v2\/pages\/208\/revisions\/319"}],"wp:featuredmedia":[{"embeddable":true,"href":"http:\/\/unterwegs.wersa.de\/index.php?rest_route=\/wp\/v2\/media\/218"}],"wp:attachment":[{"href":"http:\/\/unterwegs.wersa.de\/index.php?rest_route=%2Fwp%2Fv2%2Fmedia&parent=208"}],"curies":[{"name":"wp","href":"https:\/\/api.w.org\/{rel}","templated":true}]}}