{"id":2287,"date":"2021-07-28T17:30:11","date_gmt":"2021-07-28T15:30:11","guid":{"rendered":"http:\/\/unterwegs.wersa.de\/?page_id=2287"},"modified":"2023-11-08T18:23:58","modified_gmt":"2023-11-08T17:23:58","slug":"rosendahl-darfeld","status":"publish","type":"page","link":"http:\/\/unterwegs.wersa.de\/?page_id=2287","title":{"rendered":"Rosendahl \u2013 Darfeld"},"content":{"rendered":"\n<figure class=\"wp-block-image size-large\"><img loading=\"lazy\" decoding=\"async\" width=\"818\" height=\"456\" src=\"http:\/\/unterwegs.wersa.de\/wp-content\/uploads\/2021\/07\/IMG_20210726_182049-1.jpg\" alt=\"\" class=\"wp-image-2303\" srcset=\"http:\/\/unterwegs.wersa.de\/wp-content\/uploads\/2021\/07\/IMG_20210726_182049-1.jpg 818w, http:\/\/unterwegs.wersa.de\/wp-content\/uploads\/2021\/07\/IMG_20210726_182049-1-300x167.jpg 300w, http:\/\/unterwegs.wersa.de\/wp-content\/uploads\/2021\/07\/IMG_20210726_182049-1-768x428.jpg 768w\" sizes=\"auto, (max-width: 818px) 100vw, 818px\" \/><\/figure>\n\n\n\n<h3 class=\"wp-block-heading\">Stellplatz an der Reithalle<\/h3>\n\n\n\n<p>Rosendahl liegt westlich von M\u00fcnster gut 30 km vor der Niederl\u00e4ndischen Grenze. Nach Winterswijk (Obelink) sind es gut 40 km. Wir sind \u00fcberrascht vom Stellplatz in Rosendahl, finden einen sehr gepflegten, aufger\u00e4umten, sauberen und ruhigen Stellplatz. Die Hecken sind frisch, der Rasen kurz geschnitten, und das alles kostenlos! <\/p>\n\n\n\n<p>Aufgrund der Grenzn\u00e4he treffen wir auch einige Niederl\u00e4nder unter den Nachbarn. Wir haben nur zwei N\u00e4chte geplant, bleiben dann aber alle vier N\u00e4chte, die uns auf dieser kurzen Tour zur Verf\u00fcgung stehen und fahren von hier aus gleich wieder nach Hause. <\/p>\n\n\n\n<p><strong>Untergrund<\/strong><br>Rasen, stellenweise Pf\u00fctzen bei Regen, Untergrund scheint aber fest zu sein, da man bereits nach wenigen Zentimetern auf Schotter st\u00f6\u00dft.<\/p>\n\n\n\n<div class=\"wp-block-image\"><figure class=\"alignright size-large is-resized\"><img loading=\"lazy\" decoding=\"async\" src=\"http:\/\/unterwegs.wersa.de\/wp-content\/uploads\/2021\/07\/IMG_20210725_143208.jpg\" alt=\"\" class=\"wp-image-2299\" width=\"401\" height=\"230\"\/><figcaption>Simple Ver- und Entsorgung im Vordergrund<\/figcaption><\/figure><\/div>\n\n\n\n<p><strong>Stellfl\u00e4chen<\/strong><br>16, keine Parzellierung, auch f\u00fcr gro\u00dfe Mobile geeignet<br>3 weitere bei der Wasserstelle<br>Weitere beim Stellplatz am alten Bahnhof<\/p>\n\n\n\n<p><strong>Versorgung<\/strong><br>Stroms\u00e4ulen, Frischwasser 200 Liter 1\u20ac, <br>Grau- und Schwarzwasserentsorgung \u00fcber einfachen Gulli, kein Toilettensp\u00fclwasser<\/p>\n\n\n\n<p><strong>Stellplatzgeb\u00fchr<\/strong><br>Kostenlos<\/p>\n\n\n\n<p><strong>Infrastruktur<\/strong><br>In 500 -1000 Metern: Supermarkt mit B\u00e4cker, Fleischerei, Getr\u00e4nkemarkt, Pizzeria, Hotel-Restaurant, Tankstelle <br>in ca. 5 km Radweg: Eisdiele in Eggerode<\/p>\n\n\n\n<p><strong>Sehenswert<\/strong><\/p>\n\n\n\n<figure class=\"wp-block-gallery columns-3 is-cropped wp-block-gallery-1 is-layout-flex wp-block-gallery-is-layout-flex\"><ul class=\"blocks-gallery-grid\"><li class=\"blocks-gallery-item\"><figure><img loading=\"lazy\" decoding=\"async\" width=\"618\" height=\"468\" src=\"http:\/\/unterwegs.wersa.de\/wp-content\/uploads\/2021\/07\/IMG_20210723_154807.jpg\" alt=\"\" data-id=\"2295\" data-full-url=\"http:\/\/unterwegs.wersa.de\/wp-content\/uploads\/2021\/07\/IMG_20210723_154807.jpg\" data-link=\"http:\/\/unterwegs.wersa.de\/?attachment_id=2295\" class=\"wp-image-2295\" srcset=\"http:\/\/unterwegs.wersa.de\/wp-content\/uploads\/2021\/07\/IMG_20210723_154807.jpg 618w, http:\/\/unterwegs.wersa.de\/wp-content\/uploads\/2021\/07\/IMG_20210723_154807-300x227.jpg 300w, http:\/\/unterwegs.wersa.de\/wp-content\/uploads\/2021\/07\/IMG_20210723_154807-120x90.jpg 120w\" sizes=\"auto, (max-width: 618px) 100vw, 618px\" \/><figcaption class=\"blocks-gallery-item__caption\">Szenerie eine hist. Porsche-Werkstatt<\/figcaption><\/figure><\/li><li class=\"blocks-gallery-item\"><figure><img loading=\"lazy\" decoding=\"async\" width=\"618\" height=\"468\" src=\"http:\/\/unterwegs.wersa.de\/wp-content\/uploads\/2021\/07\/IMG_20210723_154817.jpg\" alt=\"\" data-id=\"2296\" data-full-url=\"http:\/\/unterwegs.wersa.de\/wp-content\/uploads\/2021\/07\/IMG_20210723_154817.jpg\" data-link=\"http:\/\/unterwegs.wersa.de\/?attachment_id=2296\" class=\"wp-image-2296\" srcset=\"http:\/\/unterwegs.wersa.de\/wp-content\/uploads\/2021\/07\/IMG_20210723_154817.jpg 618w, http:\/\/unterwegs.wersa.de\/wp-content\/uploads\/2021\/07\/IMG_20210723_154817-300x227.jpg 300w, http:\/\/unterwegs.wersa.de\/wp-content\/uploads\/2021\/07\/IMG_20210723_154817-120x90.jpg 120w\" sizes=\"auto, (max-width: 618px) 100vw, 618px\" \/><figcaption class=\"blocks-gallery-item__caption\">Kreidler Florett in vielen Fargen<\/figcaption><\/figure><\/li><li class=\"blocks-gallery-item\"><figure><img loading=\"lazy\" decoding=\"async\" width=\"610\" height=\"460\" src=\"http:\/\/unterwegs.wersa.de\/wp-content\/uploads\/2021\/07\/IMG_20210723_155611.jpg\" alt=\"\" data-id=\"2297\" data-full-url=\"http:\/\/unterwegs.wersa.de\/wp-content\/uploads\/2021\/07\/IMG_20210723_155611.jpg\" data-link=\"http:\/\/unterwegs.wersa.de\/?attachment_id=2297\" class=\"wp-image-2297\" srcset=\"http:\/\/unterwegs.wersa.de\/wp-content\/uploads\/2021\/07\/IMG_20210723_155611.jpg 610w, http:\/\/unterwegs.wersa.de\/wp-content\/uploads\/2021\/07\/IMG_20210723_155611-300x226.jpg 300w, http:\/\/unterwegs.wersa.de\/wp-content\/uploads\/2021\/07\/IMG_20210723_155611-120x90.jpg 120w\" sizes=\"auto, (max-width: 610px) 100vw, 610px\" \/><figcaption class=\"blocks-gallery-item__caption\">Der Mercedes von Helmut Zacharias<\/figcaption><\/figure><\/li><\/ul><\/figure>\n\n\n\n<p>Wasserschloss (nur von au\u00dfen zu besichtigen)<br>Oldtimer Voss (Life-Museum)<br>Kleine Freizeitanlage mit Kneip-Becken am alten Bahnhof<br>Gutes Radwegenetz in die benachbarten Orte<\/p>\n\n\n\n<div class=\"wp-block-image\"><figure class=\"alignright size-large is-resized\"><img loading=\"lazy\" decoding=\"async\" src=\"http:\/\/unterwegs.wersa.de\/wp-content\/uploads\/2021\/07\/IMG_20210725_132611.jpg\" alt=\"\" class=\"wp-image-2298\" width=\"462\" height=\"265\" srcset=\"http:\/\/unterwegs.wersa.de\/wp-content\/uploads\/2021\/07\/IMG_20210725_132611.jpg 618w, http:\/\/unterwegs.wersa.de\/wp-content\/uploads\/2021\/07\/IMG_20210725_132611-300x172.jpg 300w\" sizes=\"auto, (max-width: 462px) 100vw, 462px\" \/><figcaption>Im Hintergrund die Stellpl\u00e4tze<\/figcaption><\/figure><\/div>\n\n\n\n<p><strong>Sonstiges<\/strong><br>Der Stellplatz liegt zwischen der Reithalle und einem Fussballplatz<br>Blick direkt auf die Reithalle mit Springparcours. Mit Fu\u00dfballaktivit\u00e4ten muss man allerdings rechnen.&nbsp;&nbsp;&nbsp;&nbsp;&nbsp;&nbsp;&nbsp;&nbsp;&nbsp;&nbsp;&nbsp;<br><\/p>\n\n\n\n<p><strong>Adresse<\/strong><br>Sudetenstra\u00dfe, 48720 Rosendahl<\/p>\n\n\n\n<p><strong>Weitere Pl\u00e4tze in der N\u00e4he<\/strong><br>Stellplatz am Generationenpark (alter Bahnhof),<br>Eggerode beim Hotel Winter <br>Stellpl\u00e4tze in Metelen, Coesfeld, Billerbeck, weitere<br><br><\/p>\n","protected":false},"excerpt":{"rendered":"<p>Stellplatz an der Reithalle Rosendahl liegt westlich von M\u00fcnster gut 30 km vor der Niederl\u00e4ndischen Grenze. Nach Winterswijk (Obelink) sind es gut 40 km. Wir sind \u00fcberrascht vom Stellplatz in Rosendahl, finden einen sehr gepflegten, aufger\u00e4umten, sauberen und ruhigen Stellplatz. Die Hecken sind frisch, der Rasen kurz geschnitten, und das alles kostenlos! Aufgrund der Grenzn\u00e4he&hellip;<\/p>\n","protected":false},"author":2,"featured_media":0,"parent":1256,"menu_order":0,"comment_status":"closed","ping_status":"closed","template":"","meta":{"footnotes":""},"class_list":["post-2287","page","type-page","status-publish","hentry"],"_links":{"self":[{"href":"http:\/\/unterwegs.wersa.de\/index.php?rest_route=\/wp\/v2\/pages\/2287","targetHints":{"allow":["GET"]}}],"collection":[{"href":"http:\/\/unterwegs.wersa.de\/index.php?rest_route=\/wp\/v2\/pages"}],"about":[{"href":"http:\/\/unterwegs.wersa.de\/index.php?rest_route=\/wp\/v2\/types\/page"}],"author":[{"embeddable":true,"href":"http:\/\/unterwegs.wersa.de\/index.php?rest_route=\/wp\/v2\/users\/2"}],"replies":[{"embeddable":true,"href":"http:\/\/unterwegs.wersa.de\/index.php?rest_route=%2Fwp%2Fv2%2Fcomments&post=2287"}],"version-history":[{"count":16,"href":"http:\/\/unterwegs.wersa.de\/index.php?rest_route=\/wp\/v2\/pages\/2287\/revisions"}],"predecessor-version":[{"id":2496,"href":"http:\/\/unterwegs.wersa.de\/index.php?rest_route=\/wp\/v2\/pages\/2287\/revisions\/2496"}],"up":[{"embeddable":true,"href":"http:\/\/unterwegs.wersa.de\/index.php?rest_route=\/wp\/v2\/pages\/1256"}],"wp:attachment":[{"href":"http:\/\/unterwegs.wersa.de\/index.php?rest_route=%2Fwp%2Fv2%2Fmedia&parent=2287"}],"curies":[{"name":"wp","href":"https:\/\/api.w.org\/{rel}","templated":true}]}}