{"id":2290,"date":"2021-07-29T16:30:20","date_gmt":"2021-07-29T14:30:20","guid":{"rendered":"http:\/\/unterwegs.wersa.de\/?page_id=2290"},"modified":"2021-07-29T16:37:29","modified_gmt":"2021-07-29T14:37:29","slug":"lauenau","status":"publish","type":"page","link":"http:\/\/unterwegs.wersa.de\/?page_id=2290","title":{"rendered":"Lauenau"},"content":{"rendered":"\n<div class=\"wp-block-image\"><figure class=\"aligncenter size-large\"><img loading=\"lazy\" decoding=\"async\" width=\"818\" height=\"533\" src=\"http:\/\/unterwegs.wersa.de\/wp-content\/uploads\/2021\/07\/IMG_1054.jpg\" alt=\"\" class=\"wp-image-2316\" srcset=\"http:\/\/unterwegs.wersa.de\/wp-content\/uploads\/2021\/07\/IMG_1054.jpg 818w, http:\/\/unterwegs.wersa.de\/wp-content\/uploads\/2021\/07\/IMG_1054-300x195.jpg 300w, http:\/\/unterwegs.wersa.de\/wp-content\/uploads\/2021\/07\/IMG_1054-768x500.jpg 768w\" sizes=\"auto, (max-width: 818px) 100vw, 818px\" \/><\/figure><\/div>\n\n\n\n<h3 class=\"wp-block-heading\">Stellplatz am Felsenkeller<\/h3>\n\n\n\n<p>Auf dem Weg nach Hamburg oder weiter an die Ostsee machen wir h\u00e4ufiger eine erste Rast am Abend, insbesondere wenn wir erst am sp\u00e4ten Nachmittag loskommen. Kurz vor Bad Nenndorf, also auch vor Hannover liegt in Lauenau an der A2 der Felsenkeller. Dies ist eine gem\u00fctliche Gastst\u00e4tte mit Biergarten und eigener Brauerei. Hier wird das Rupp-Br\u00e4u hergestellt. Ein idealer Platz f\u00fcr die Durchreise.<\/p>\n\n\n\n<p><strong>Stellfl\u00e4chen<\/strong><br>ca. 4-5, keine Parzellierung, geeignet auch f\u00fcr Mobile \u00fcber 8 Meter<\/p>\n\n\n\n<p><strong>Untergrund<\/strong><br>geschotterter Parkplatz<\/p>\n\n\n\n<p><strong>Ver- &amp; Entsorgung<\/strong><br>keine<\/p>\n\n\n\n<p><strong>Stellplatzgeb\u00fchr<\/strong><br>Kostenlos, Einkehr obligatorisch<\/p>\n\n\n\n<p><strong>Infrastruktur<\/strong><br>Kleine Gesch\u00e4fte wie z.B. B\u00e4cker in der N\u00e4he <\/p>\n\n\n\n<div class=\"wp-block-image\"><figure class=\"alignright size-large is-resized\"><img loading=\"lazy\" decoding=\"async\" src=\"http:\/\/unterwegs.wersa.de\/wp-content\/uploads\/2021\/07\/09012011053.jpg\" alt=\"\" class=\"wp-image-2317\" width=\"276\" height=\"155\" srcset=\"http:\/\/unterwegs.wersa.de\/wp-content\/uploads\/2021\/07\/09012011053.jpg 618w, http:\/\/unterwegs.wersa.de\/wp-content\/uploads\/2021\/07\/09012011053-300x169.jpg 300w, http:\/\/unterwegs.wersa.de\/wp-content\/uploads\/2021\/07\/09012011053-540x304.jpg 540w\" sizes=\"auto, (max-width: 276px) 100vw, 276px\" \/><\/figure><\/div>\n\n\n\n<p><strong>Adresse<\/strong><br>Feggendorfer tra\u00dfe 10, 31867 Lauenau<\/p>\n\n\n\n<p><strong>Sonstiges<\/strong><br>Gem\u00fctliche Gastst\u00e4tte mit eigener Brauerei (Rupp-Br\u00e4u) und Biergarten<br>Gutb\u00fcrgerliche K\u00fcche, auch noch am sp\u00e4teren Abend ist eine Einkehr m\u00f6glich.<br><\/p>\n\n\n\n<p><br><br><\/p>\n","protected":false},"excerpt":{"rendered":"<p>Stellplatz am Felsenkeller Auf dem Weg nach Hamburg oder weiter an die Ostsee machen wir h\u00e4ufiger eine erste Rast am Abend, insbesondere wenn wir erst am sp\u00e4ten Nachmittag loskommen. Kurz vor Bad Nenndorf, also auch vor Hannover liegt in Lauenau an der A2 der Felsenkeller. Dies ist eine gem\u00fctliche Gastst\u00e4tte mit Biergarten und eigener Brauerei.&hellip;<\/p>\n","protected":false},"author":2,"featured_media":0,"parent":0,"menu_order":0,"comment_status":"closed","ping_status":"closed","template":"","meta":{"footnotes":""},"class_list":["post-2290","page","type-page","status-publish","hentry"],"_links":{"self":[{"href":"http:\/\/unterwegs.wersa.de\/index.php?rest_route=\/wp\/v2\/pages\/2290","targetHints":{"allow":["GET"]}}],"collection":[{"href":"http:\/\/unterwegs.wersa.de\/index.php?rest_route=\/wp\/v2\/pages"}],"about":[{"href":"http:\/\/unterwegs.wersa.de\/index.php?rest_route=\/wp\/v2\/types\/page"}],"author":[{"embeddable":true,"href":"http:\/\/unterwegs.wersa.de\/index.php?rest_route=\/wp\/v2\/users\/2"}],"replies":[{"embeddable":true,"href":"http:\/\/unterwegs.wersa.de\/index.php?rest_route=%2Fwp%2Fv2%2Fcomments&post=2290"}],"version-history":[{"count":4,"href":"http:\/\/unterwegs.wersa.de\/index.php?rest_route=\/wp\/v2\/pages\/2290\/revisions"}],"predecessor-version":[{"id":2319,"href":"http:\/\/unterwegs.wersa.de\/index.php?rest_route=\/wp\/v2\/pages\/2290\/revisions\/2319"}],"wp:attachment":[{"href":"http:\/\/unterwegs.wersa.de\/index.php?rest_route=%2Fwp%2Fv2%2Fmedia&parent=2290"}],"curies":[{"name":"wp","href":"https:\/\/api.w.org\/{rel}","templated":true}]}}