{"id":2432,"date":"2021-08-11T18:00:58","date_gmt":"2021-08-11T16:00:58","guid":{"rendered":"http:\/\/unterwegs.wersa.de\/?page_id=2432"},"modified":"2021-08-12T08:40:24","modified_gmt":"2021-08-12T06:40:24","slug":"buchen-odenwald","status":"publish","type":"page","link":"http:\/\/unterwegs.wersa.de\/?page_id=2432","title":{"rendered":"Buchen (Odenwald)"},"content":{"rendered":"\n<figure class=\"wp-block-image size-large\"><img loading=\"lazy\" decoding=\"async\" width=\"818\" height=\"594\" src=\"http:\/\/unterwegs.wersa.de\/wp-content\/uploads\/2021\/08\/IMG_7223.jpg\" alt=\"\" class=\"wp-image-2434\" srcset=\"http:\/\/unterwegs.wersa.de\/wp-content\/uploads\/2021\/08\/IMG_7223.jpg 818w, http:\/\/unterwegs.wersa.de\/wp-content\/uploads\/2021\/08\/IMG_7223-300x218.jpg 300w, http:\/\/unterwegs.wersa.de\/wp-content\/uploads\/2021\/08\/IMG_7223-768x558.jpg 768w\" sizes=\"auto, (max-width: 818px) 100vw, 818px\" \/><\/figure>\n\n\n\n<h3 class=\"wp-block-heading\">Stellplatz am Waldschwimmbad<\/h3>\n\n\n\n<p>Der Ort Buchen liegt gut 20 km s\u00fcd\u00f6stlich von Amorbach im Odenwald und ca. 10 km s\u00fcdlich von Walld\u00fcrn, einem Ort, den viele Mobilisten aufgrund eines namhaften Zubeh\u00f6rherstellers kennen werden. <\/p>\n\n\n\n<p>Der Platz ist sehr sch\u00f6n angelegt und liegt idyllisch von Wald umgeben, nachts sehr ruhig. Der Ort Buchen mit Fu\u00dfg\u00e4ngerzone liegt ca. 1km entfernt.<\/p>\n\n\n\n<p><strong>Untergrund<\/strong><br>befestigter Rasen, Untergrund scheint geschottert<\/p>\n\n\n\n<p><strong>Stellfl\u00e4chen<\/strong><br>12 parzellierte Stellfl\u00e4chen f\u00fcr Mobile bis 10 Meter geeignet. Zus\u00e4tzliche Picknicktische und B\u00e4nke<\/p>\n\n\n\n<div class=\"wp-block-image\"><figure class=\"alignright size-large is-resized\"><img loading=\"lazy\" decoding=\"async\" src=\"http:\/\/unterwegs.wersa.de\/wp-content\/uploads\/2021\/08\/IMG_7237.jpg\" alt=\"\" class=\"wp-image-2436\" width=\"302\" height=\"286\" srcset=\"http:\/\/unterwegs.wersa.de\/wp-content\/uploads\/2021\/08\/IMG_7237.jpg 618w, http:\/\/unterwegs.wersa.de\/wp-content\/uploads\/2021\/08\/IMG_7237-300x285.jpg 300w\" sizes=\"auto, (max-width: 302px) 100vw, 302px\" \/><\/figure><\/div>\n\n\n\n<p><strong>Versorgung<\/strong><br>Stroms\u00e4ulen, Entsorgung bei der Platzeinfahrt an einer Holiday-Clean Anlage mit Bodeneinlass, Frischwasser nicht immer funktionst\u00fcchtig <\/p>\n\n\n\n<p><strong>Stellplatzgeb\u00fchr<\/strong><br>8 \u20ac, Bezahlung am Waldschwimmbad, Schwimmbadbenutzung inklusive, Warmduschen kostet 20 Cent<\/p>\n\n\n\n<p><strong>Infrastruktur<\/strong><br>Superm\u00e4rkte am Ortsrand, <br>Essensm\u00f6glichkeiten im Schwimmbad und im Ort<\/p>\n\n\n\n<p><strong>Sonstiges<\/strong><br>Modernes und gepflegtes Waldschwimmbad, viele Wanderm\u00f6glichkeiten mit ausgewiesenen Wegen vom Platz aus. <\/p>\n\n\n\n<p>Die Zufahrtsstra\u00dfe zum Schwimmbad und zu den Tennispl\u00e4tzen geht direkt an den Stellpl\u00e4tzen vorbei, das st\u00f6rt tags\u00fcber leider, da es keine Geschwindigkeitsbegrenzung gibt.<\/p>\n\n\n\n<p><strong>Adresse<\/strong><br>M\u00fchltalstra\u00dfe 15, 74722 Buchen\/Odenwald<\/p>\n\n\n\n<p><strong>Weitere Pl\u00e4tze in der N\u00e4he<\/strong><br>Stellplatz am Doldschmitt Technik-Center und Stellplatz am Basilikaplatz in Walld\u00fcrn<br><br><\/p>\n","protected":false},"excerpt":{"rendered":"<p>Stellplatz am Waldschwimmbad Der Ort Buchen liegt gut 20 km s\u00fcd\u00f6stlich von Amorbach im Odenwald und ca. 10 km s\u00fcdlich von Walld\u00fcrn, einem Ort, den viele Mobilisten aufgrund eines namhaften Zubeh\u00f6rherstellers kennen werden. Der Platz ist sehr sch\u00f6n angelegt und liegt idyllisch von Wald umgeben, nachts sehr ruhig. Der Ort Buchen mit Fu\u00dfg\u00e4ngerzone liegt ca.&hellip;<\/p>\n","protected":false},"author":2,"featured_media":0,"parent":0,"menu_order":0,"comment_status":"closed","ping_status":"closed","template":"","meta":{"footnotes":""},"class_list":["post-2432","page","type-page","status-publish","hentry"],"_links":{"self":[{"href":"http:\/\/unterwegs.wersa.de\/index.php?rest_route=\/wp\/v2\/pages\/2432","targetHints":{"allow":["GET"]}}],"collection":[{"href":"http:\/\/unterwegs.wersa.de\/index.php?rest_route=\/wp\/v2\/pages"}],"about":[{"href":"http:\/\/unterwegs.wersa.de\/index.php?rest_route=\/wp\/v2\/types\/page"}],"author":[{"embeddable":true,"href":"http:\/\/unterwegs.wersa.de\/index.php?rest_route=\/wp\/v2\/users\/2"}],"replies":[{"embeddable":true,"href":"http:\/\/unterwegs.wersa.de\/index.php?rest_route=%2Fwp%2Fv2%2Fcomments&post=2432"}],"version-history":[{"count":4,"href":"http:\/\/unterwegs.wersa.de\/index.php?rest_route=\/wp\/v2\/pages\/2432\/revisions"}],"predecessor-version":[{"id":2438,"href":"http:\/\/unterwegs.wersa.de\/index.php?rest_route=\/wp\/v2\/pages\/2432\/revisions\/2438"}],"wp:attachment":[{"href":"http:\/\/unterwegs.wersa.de\/index.php?rest_route=%2Fwp%2Fv2%2Fmedia&parent=2432"}],"curies":[{"name":"wp","href":"https:\/\/api.w.org\/{rel}","templated":true}]}}