{"id":2523,"date":"2021-10-03T18:30:00","date_gmt":"2021-10-03T16:30:00","guid":{"rendered":"http:\/\/unterwegs.wersa.de\/?page_id=2523"},"modified":"2021-10-12T17:35:17","modified_gmt":"2021-10-12T15:35:17","slug":"unterkirnach","status":"publish","type":"page","link":"http:\/\/unterwegs.wersa.de\/?page_id=2523","title":{"rendered":"Unterkirnach"},"content":{"rendered":"\n<h3 class=\"wp-block-heading\">Stellplatz an der Kirnach<\/h3>\n\n\n\n<p>In Unterkirnach finden wir einen Stellplatz der Top-Platz Serie. Ein ruhiger Platz mit direkter Ortsanbindung, Einkaufsm\u00f6glichkeit, Schwimmbad, Restaurant und sogar einer Tankstelle. <\/p>\n\n\n\n<p><strong>Adresse<\/strong><br>Rathausplatz, 78089 Unterkirnach<\/p>\n\n\n\n<p><strong>Stellfl\u00e4chen<\/strong><br>19 parzellierte Pl\u00e4tze im Kreis angeordnet, davon zwei in der Mitte des Rondells. Geschotterte Pl\u00e4tze mit Wiesen dazwischen, ideal f\u00fcr die Markisennutzung. B\u00e4nke und Tische fast auf jeder Stellplatzwiese.<br>Geeignet auch f\u00fcr Mobile bis 8 Meter, einfache Zufahrt.<\/p>\n\n\n\n<p><strong>Ver- &amp; Entsorgung<\/strong><br>Alles inkl. Frischwasser und WLAN im Preis enthalten. <br>Satellitenempfang fast auf jeder Stellfl\u00e4che m\u00f6glich, jedoch kein besonders guter WLAN-Empfang. <br>und leider auch kein LTE-Empfang im gesamten Ort.<\/p>\n\n\n\n<p><strong>Stellplatzgeb\u00fchr<\/strong><br>13\u20ac inkl. Kurkarte (Sommer 2021). <br>Damit ist die Benutzung von \u00d6PNV, Hallenbad und Minigolf an der Schlossbergstube eingescjlossen.<br>Die Geb\u00fchr wird w\u00e4hrend der \u00d6ffnungszeiten am Rathaus bezahlt.<\/p>\n\n\n\n<p><strong>Infrastruktur<\/strong><br>Kleiner Supermarkt und einige Restaurants in der N\u00e4he, Hallenbad Aqualino ebenfalls in der N\u00e4he.<br>Weiter weggelegene Restaurants (Breitenbrunnen, Grillschopf) \u00fcber Wanderwege erreichbar.<br>Sehenswert: Zwischen Stellplatz und der Kirnachm\u00fchle steht eine in Betrieb befindliche restaurierte Kirchturmuhr.  <\/p>\n\n\n\n<figure class=\"wp-block-gallery columns-3 is-cropped wp-block-gallery-1 is-layout-flex wp-block-gallery-is-layout-flex\"><ul class=\"blocks-gallery-grid\"><li class=\"blocks-gallery-item\"><figure><img loading=\"lazy\" decoding=\"async\" width=\"610\" height=\"460\" src=\"http:\/\/unterwegs.wersa.de\/wp-content\/uploads\/2021\/09\/IMG_7359.jpg\" alt=\"\" data-id=\"2564\" data-full-url=\"http:\/\/unterwegs.wersa.de\/wp-content\/uploads\/2021\/09\/IMG_7359.jpg\" data-link=\"http:\/\/unterwegs.wersa.de\/?attachment_id=2564\" class=\"wp-image-2564\" srcset=\"http:\/\/unterwegs.wersa.de\/wp-content\/uploads\/2021\/09\/IMG_7359.jpg 610w, http:\/\/unterwegs.wersa.de\/wp-content\/uploads\/2021\/09\/IMG_7359-300x226.jpg 300w, http:\/\/unterwegs.wersa.de\/wp-content\/uploads\/2021\/09\/IMG_7359-120x90.jpg 120w\" sizes=\"auto, (max-width: 610px) 100vw, 610px\" \/><figcaption class=\"blocks-gallery-item__caption\">Wanderung nach Breitbrunnen<\/figcaption><\/figure><\/li><li class=\"blocks-gallery-item\"><figure><img loading=\"lazy\" decoding=\"async\" width=\"610\" height=\"460\" src=\"http:\/\/unterwegs.wersa.de\/wp-content\/uploads\/2021\/09\/IMG_7377.jpg\" alt=\"\" data-id=\"2562\" data-full-url=\"http:\/\/unterwegs.wersa.de\/wp-content\/uploads\/2021\/09\/IMG_7377.jpg\" data-link=\"http:\/\/unterwegs.wersa.de\/?attachment_id=2562\" class=\"wp-image-2562\" srcset=\"http:\/\/unterwegs.wersa.de\/wp-content\/uploads\/2021\/09\/IMG_7377.jpg 610w, http:\/\/unterwegs.wersa.de\/wp-content\/uploads\/2021\/09\/IMG_7377-300x226.jpg 300w, http:\/\/unterwegs.wersa.de\/wp-content\/uploads\/2021\/09\/IMG_7377-120x90.jpg 120w\" sizes=\"auto, (max-width: 610px) 100vw, 610px\" \/><figcaption class=\"blocks-gallery-item__caption\">Brunnen im Ort<\/figcaption><\/figure><\/li><li class=\"blocks-gallery-item\"><figure><img loading=\"lazy\" decoding=\"async\" width=\"610\" height=\"460\" src=\"http:\/\/unterwegs.wersa.de\/wp-content\/uploads\/2021\/10\/IMG_7369.jpg\" alt=\"\" data-id=\"2600\" data-full-url=\"http:\/\/unterwegs.wersa.de\/wp-content\/uploads\/2021\/10\/IMG_7369.jpg\" data-link=\"http:\/\/unterwegs.wersa.de\/?attachment_id=2600\" class=\"wp-image-2600\" srcset=\"http:\/\/unterwegs.wersa.de\/wp-content\/uploads\/2021\/10\/IMG_7369.jpg 610w, http:\/\/unterwegs.wersa.de\/wp-content\/uploads\/2021\/10\/IMG_7369-300x226.jpg 300w, http:\/\/unterwegs.wersa.de\/wp-content\/uploads\/2021\/10\/IMG_7369-120x90.jpg 120w\" sizes=\"auto, (max-width: 610px) 100vw, 610px\" \/><figcaption class=\"blocks-gallery-item__caption\">Die Kirnachm\u00fchle<\/figcaption><\/figure><\/li><\/ul><\/figure>\n\n\n\n<p><strong>Sonstiges<\/strong><br>Ein weiterer Platz f\u00fcr ebenfalls 19 Fahrzeuge, der Grillschopf Ackerloch, befindet sich etwas au\u00dferhalb des Ortes. Dieser Platz liegt direkt bei einem Restaurant.<\/p>\n\n\n\n<p><\/p>\n","protected":false},"excerpt":{"rendered":"<p>Stellplatz an der Kirnach In Unterkirnach finden wir einen Stellplatz der Top-Platz Serie. Ein ruhiger Platz mit direkter Ortsanbindung, Einkaufsm\u00f6glichkeit, Schwimmbad, Restaurant und sogar einer Tankstelle. AdresseRathausplatz, 78089 Unterkirnach Stellfl\u00e4chen19 parzellierte Pl\u00e4tze im Kreis angeordnet, davon zwei in der Mitte des Rondells. Geschotterte Pl\u00e4tze mit Wiesen dazwischen, ideal f\u00fcr die Markisennutzung. B\u00e4nke und Tische fast&hellip;<\/p>\n","protected":false},"author":2,"featured_media":2603,"parent":0,"menu_order":0,"comment_status":"closed","ping_status":"closed","template":"","meta":{"footnotes":""},"class_list":["post-2523","page","type-page","status-publish","has-post-thumbnail","hentry"],"_links":{"self":[{"href":"http:\/\/unterwegs.wersa.de\/index.php?rest_route=\/wp\/v2\/pages\/2523","targetHints":{"allow":["GET"]}}],"collection":[{"href":"http:\/\/unterwegs.wersa.de\/index.php?rest_route=\/wp\/v2\/pages"}],"about":[{"href":"http:\/\/unterwegs.wersa.de\/index.php?rest_route=\/wp\/v2\/types\/page"}],"author":[{"embeddable":true,"href":"http:\/\/unterwegs.wersa.de\/index.php?rest_route=\/wp\/v2\/users\/2"}],"replies":[{"embeddable":true,"href":"http:\/\/unterwegs.wersa.de\/index.php?rest_route=%2Fwp%2Fv2%2Fcomments&post=2523"}],"version-history":[{"count":5,"href":"http:\/\/unterwegs.wersa.de\/index.php?rest_route=\/wp\/v2\/pages\/2523\/revisions"}],"predecessor-version":[{"id":2606,"href":"http:\/\/unterwegs.wersa.de\/index.php?rest_route=\/wp\/v2\/pages\/2523\/revisions\/2606"}],"wp:featuredmedia":[{"embeddable":true,"href":"http:\/\/unterwegs.wersa.de\/index.php?rest_route=\/wp\/v2\/media\/2603"}],"wp:attachment":[{"href":"http:\/\/unterwegs.wersa.de\/index.php?rest_route=%2Fwp%2Fv2%2Fmedia&parent=2523"}],"curies":[{"name":"wp","href":"https:\/\/api.w.org\/{rel}","templated":true}]}}