{"id":2716,"date":"2022-03-26T13:00:00","date_gmt":"2022-03-26T12:00:00","guid":{"rendered":"http:\/\/unterwegs.wersa.de\/?page_id=2716"},"modified":"2022-10-18T16:29:14","modified_gmt":"2022-10-18T14:29:14","slug":"koeerich-lux","status":"publish","type":"page","link":"http:\/\/unterwegs.wersa.de\/?page_id=2716","title":{"rendered":"K\u00f6erich \/ Lux (mit Video)"},"content":{"rendered":"\n<h3 class=\"wp-block-heading\">Stellplatz K\u00f6erich<\/h3>\n\n\n\n<p>Ein kleiner Stellplatz in einem kleinen Ort nord\u00f6stlich der Hauptstadt nahe der belgischen Grenze. Ein idealer Platz f\u00fcr die Durchreise.<\/p>\n\n\n\n<p><strong>Adresse<\/strong><br>Chemin de la Source, 8388 Koerich<\/p>\n\n\n\n<p><strong>Stellfl\u00e4chen<\/strong><br>4 parzellierte Pl\u00e4tze; lt. Stellplatzf\u00fchrer gibt es 10 Stellpl\u00e4tze.<\/p>\n\n\n\n<p><strong>Ver- &amp; Entsorgung<\/strong><br>Es gibt eine Stroms\u00e4ule mit 4 Anschl\u00fcssen, Ver- und Entsorgung mit Bodeneinlass und M\u00fclleimer. <\/p>\n\n\n\n<p><strong>Stellplatzgeb\u00fchr<\/strong><br>Der Stellplatz ist kostenlos und der Aufenthalt auf 48 Stunden beschr\u00e4nkt. Die Lage direkt an der Durchgangsstra\u00dfe, die aber nachts recht ruhig war.<\/p>\n\n\n\n<figure class=\"wp-block-gallery has-nested-images columns-default is-cropped wp-block-gallery-1 is-layout-flex wp-block-gallery-is-layout-flex\">\n<figure class=\"wp-block-image size-large\"><img loading=\"lazy\" decoding=\"async\" width=\"610\" height=\"460\" data-id=\"2719\" src=\"http:\/\/unterwegs.wersa.de\/wp-content\/uploads\/2022\/03\/IMG_8928.jpg\" alt=\"\" class=\"wp-image-2719\" srcset=\"http:\/\/unterwegs.wersa.de\/wp-content\/uploads\/2022\/03\/IMG_8928.jpg 610w, http:\/\/unterwegs.wersa.de\/wp-content\/uploads\/2022\/03\/IMG_8928-300x226.jpg 300w, http:\/\/unterwegs.wersa.de\/wp-content\/uploads\/2022\/03\/IMG_8928-120x90.jpg 120w\" sizes=\"auto, (max-width: 610px) 100vw, 610px\" \/><figcaption>Das Greiweschlass<\/figcaption><\/figure>\n\n\n\n<figure class=\"wp-block-image size-large\"><img loading=\"lazy\" decoding=\"async\" width=\"610\" height=\"460\" data-id=\"2720\" src=\"http:\/\/unterwegs.wersa.de\/wp-content\/uploads\/2022\/03\/IMG_8922.jpg\" alt=\"\" class=\"wp-image-2720\" srcset=\"http:\/\/unterwegs.wersa.de\/wp-content\/uploads\/2022\/03\/IMG_8922.jpg 610w, http:\/\/unterwegs.wersa.de\/wp-content\/uploads\/2022\/03\/IMG_8922-300x226.jpg 300w, http:\/\/unterwegs.wersa.de\/wp-content\/uploads\/2022\/03\/IMG_8922-120x90.jpg 120w\" sizes=\"auto, (max-width: 610px) 100vw, 610px\" \/><figcaption>Gew\u00f6lbekeller<\/figcaption><\/figure>\n\n\n\n<figure class=\"wp-block-image size-large\"><img loading=\"lazy\" decoding=\"async\" width=\"610\" height=\"460\" data-id=\"2721\" src=\"http:\/\/unterwegs.wersa.de\/wp-content\/uploads\/2022\/03\/IMG_8920.jpg\" alt=\"\" class=\"wp-image-2721\" srcset=\"http:\/\/unterwegs.wersa.de\/wp-content\/uploads\/2022\/03\/IMG_8920.jpg 610w, http:\/\/unterwegs.wersa.de\/wp-content\/uploads\/2022\/03\/IMG_8920-300x226.jpg 300w, http:\/\/unterwegs.wersa.de\/wp-content\/uploads\/2022\/03\/IMG_8920-120x90.jpg 120w\" sizes=\"auto, (max-width: 610px) 100vw, 610px\" \/><figcaption>Veranstaltungsb\u00fchne<\/figcaption><\/figure>\n<\/figure>\n\n\n\n<p><strong>Infrastruktur<\/strong><br>Es gibt Restaurants vor Ort und eine gut besuchte Motorradwerkstadt.<\/p>\n\n\n\n<p><strong>Sehenswert <\/strong><br>Es gibt eine alte Burgruine, das <strong><em>Greiweschlass<\/em><\/strong>, das man sich auf jeden Falle ansehen sollte. Diese alte Burg wird u.a. f\u00fcr Events genutzt, man kann es kostenlos besichtigen, und uns haben besonders die eindrucksvollen Gew\u00f6lbekeller beeindruckt.<\/p>\n\n\n\n<p>Ich stelle diesen Platz hier in einem kleinen Video vor.<\/p>\n\n\n\n<figure class=\"wp-block-video\"><video controls poster=\"http:\/\/unterwegs.wersa.de\/wp-content\/uploads\/2022\/03\/IMG_8914.jpg\" src=\"http:\/\/unterwegs.wersa.de\/wp-content\/uploads\/2022\/03\/Koeerich.mp4\"><\/video><\/figure>\n","protected":false},"excerpt":{"rendered":"<p>Stellplatz K\u00f6erich Ein kleiner Stellplatz in einem kleinen Ort nord\u00f6stlich der Hauptstadt nahe der belgischen Grenze. Ein idealer Platz f\u00fcr die Durchreise. AdresseChemin de la Source, 8388 Koerich Stellfl\u00e4chen4 parzellierte Pl\u00e4tze; lt. Stellplatzf\u00fchrer gibt es 10 Stellpl\u00e4tze. Ver- &amp; EntsorgungEs gibt eine Stroms\u00e4ule mit 4 Anschl\u00fcssen, Ver- und Entsorgung mit Bodeneinlass und M\u00fclleimer. Stellplatzgeb\u00fchrDer Stellplatz&hellip;<\/p>\n","protected":false},"author":2,"featured_media":2718,"parent":0,"menu_order":0,"comment_status":"closed","ping_status":"closed","template":"","meta":{"footnotes":""},"class_list":["post-2716","page","type-page","status-publish","has-post-thumbnail","hentry"],"_links":{"self":[{"href":"http:\/\/unterwegs.wersa.de\/index.php?rest_route=\/wp\/v2\/pages\/2716","targetHints":{"allow":["GET"]}}],"collection":[{"href":"http:\/\/unterwegs.wersa.de\/index.php?rest_route=\/wp\/v2\/pages"}],"about":[{"href":"http:\/\/unterwegs.wersa.de\/index.php?rest_route=\/wp\/v2\/types\/page"}],"author":[{"embeddable":true,"href":"http:\/\/unterwegs.wersa.de\/index.php?rest_route=\/wp\/v2\/users\/2"}],"replies":[{"embeddable":true,"href":"http:\/\/unterwegs.wersa.de\/index.php?rest_route=%2Fwp%2Fv2%2Fcomments&post=2716"}],"version-history":[{"count":5,"href":"http:\/\/unterwegs.wersa.de\/index.php?rest_route=\/wp\/v2\/pages\/2716\/revisions"}],"predecessor-version":[{"id":3247,"href":"http:\/\/unterwegs.wersa.de\/index.php?rest_route=\/wp\/v2\/pages\/2716\/revisions\/3247"}],"wp:featuredmedia":[{"embeddable":true,"href":"http:\/\/unterwegs.wersa.de\/index.php?rest_route=\/wp\/v2\/media\/2718"}],"wp:attachment":[{"href":"http:\/\/unterwegs.wersa.de\/index.php?rest_route=%2Fwp%2Fv2%2Fmedia&parent=2716"}],"curies":[{"name":"wp","href":"https:\/\/api.w.org\/{rel}","templated":true}]}}