{"id":3234,"date":"2022-05-05T13:00:00","date_gmt":"2022-05-05T11:00:00","guid":{"rendered":"http:\/\/unterwegs.wersa.de\/?page_id=3234"},"modified":"2022-10-18T16:19:12","modified_gmt":"2022-10-18T14:19:12","slug":"koeerich-lux-2","status":"publish","type":"page","link":"http:\/\/unterwegs.wersa.de\/?page_id=3234","title":{"rendered":"Bad W\u00fcnnenberg (mit Video)"},"content":{"rendered":"\n<h3 class=\"wp-block-heading\">Wohnmobilhafen im Aatal<\/h3>\n\n\n\n<p>Der Stellplatz liegt in der N\u00e4he des Kurparks und ist nicht nur f\u00fcr Besucher der Kurkliniken interessant. Ein Platzwart k\u00fcmmert sich um den Platz und organisiert jedes Jahr im Fr\u00fchjahr und Herbst ein An- und Abcampen.<\/p>\n\n\n<div class=\"wp-block-image\">\n<figure class=\"alignleft size-large is-resized\"><img loading=\"lazy\" decoding=\"async\" src=\"http:\/\/unterwegs.wersa.de\/wp-content\/uploads\/2022\/10\/BadWuen-2-1024x576.jpg\" alt=\"\" class=\"wp-image-3239\" width=\"425\" height=\"239\" srcset=\"http:\/\/unterwegs.wersa.de\/wp-content\/uploads\/2022\/10\/BadWuen-2-1024x576.jpg 1024w, http:\/\/unterwegs.wersa.de\/wp-content\/uploads\/2022\/10\/BadWuen-2-300x169.jpg 300w, http:\/\/unterwegs.wersa.de\/wp-content\/uploads\/2022\/10\/BadWuen-2-768x432.jpg 768w, http:\/\/unterwegs.wersa.de\/wp-content\/uploads\/2022\/10\/BadWuen-2-1536x864.jpg 1536w, http:\/\/unterwegs.wersa.de\/wp-content\/uploads\/2022\/10\/BadWuen-2-1140x641.jpg 1140w, http:\/\/unterwegs.wersa.de\/wp-content\/uploads\/2022\/10\/BadWuen-2-540x304.jpg 540w, http:\/\/unterwegs.wersa.de\/wp-content\/uploads\/2022\/10\/BadWuen-2.jpg 1920w\" sizes=\"auto, (max-width: 425px) 100vw, 425px\" \/><\/figure><\/div>\n\n\n<p><strong>Adresse<\/strong><br>In den Erlen 2, 33181 Bad W\u00fcnnenberg<\/p>\n\n\n\n<p><strong>Stellfl\u00e4chen<\/strong><br>12 parzellierte Pl\u00e4tze auf Schotterrasen<\/p>\n\n\n\n<p><strong>Ver- &amp; Entsorgung<\/strong><br>Es gibt Stroms\u00e4ulen, Ver- und Entsorgung mit Bodeneinlass, M\u00fclleimer und einen Lebensmittelautomaten. <\/p>\n\n\n\n<p><strong>Stellplatzgeb\u00fchr<\/strong><br>(2022) 8 Euro f\u00fcr 2 Personen inkl. Kurtaxe.<\/p>\n\n\n\n<p><strong>Infrastruktur<\/strong><br>Getr\u00e4nkemarkt direkt neben dem Stellplatz. Gutes und preiswertes Essen auch bei der Tourist-Info, B\u00e4cker, Restaurants, Supermarkt im Ort.<\/p>\n\n\n\n<p><strong>Sehenswert <\/strong><br>Kurpark mit Abenteuerpark, Barfu\u00dfpfad, Kneipp-Anlagen, Wildtiergehege und Gastronomie. Die Aabachtalsperre mit Rundwanderweg ist in ca. 30 Minuten erreichbar. <\/p>\n\n\n\n<figure class=\"wp-block-video\"><video controls poster=\"http:\/\/unterwegs.wersa.de\/wp-content\/uploads\/2022\/10\/BadWuen-3.jpg\" src=\"https:\/\/www.wersa.de\/StPlVids\/BadW\u00fcn.mp4\"><\/video><figcaption>Stellplatz-Video mit Platzwart-Interview<\/figcaption><\/figure>\n","protected":false},"excerpt":{"rendered":"<p>Wohnmobilhafen im Aatal Der Stellplatz liegt in der N\u00e4he des Kurparks und ist nicht nur f\u00fcr Besucher der Kurkliniken interessant. Ein Platzwart k\u00fcmmert sich um den Platz und organisiert jedes Jahr im Fr\u00fchjahr und Herbst ein An- und Abcampen. AdresseIn den Erlen 2, 33181 Bad W\u00fcnnenberg Stellfl\u00e4chen12 parzellierte Pl\u00e4tze auf Schotterrasen Ver- &amp; EntsorgungEs gibt&hellip;<\/p>\n","protected":false},"author":2,"featured_media":3238,"parent":0,"menu_order":0,"comment_status":"closed","ping_status":"closed","template":"","meta":{"footnotes":""},"class_list":["post-3234","page","type-page","status-publish","has-post-thumbnail","hentry"],"_links":{"self":[{"href":"http:\/\/unterwegs.wersa.de\/index.php?rest_route=\/wp\/v2\/pages\/3234","targetHints":{"allow":["GET"]}}],"collection":[{"href":"http:\/\/unterwegs.wersa.de\/index.php?rest_route=\/wp\/v2\/pages"}],"about":[{"href":"http:\/\/unterwegs.wersa.de\/index.php?rest_route=\/wp\/v2\/types\/page"}],"author":[{"embeddable":true,"href":"http:\/\/unterwegs.wersa.de\/index.php?rest_route=\/wp\/v2\/users\/2"}],"replies":[{"embeddable":true,"href":"http:\/\/unterwegs.wersa.de\/index.php?rest_route=%2Fwp%2Fv2%2Fcomments&post=3234"}],"version-history":[{"count":6,"href":"http:\/\/unterwegs.wersa.de\/index.php?rest_route=\/wp\/v2\/pages\/3234\/revisions"}],"predecessor-version":[{"id":3333,"href":"http:\/\/unterwegs.wersa.de\/index.php?rest_route=\/wp\/v2\/pages\/3234\/revisions\/3333"}],"wp:featuredmedia":[{"embeddable":true,"href":"http:\/\/unterwegs.wersa.de\/index.php?rest_route=\/wp\/v2\/media\/3238"}],"wp:attachment":[{"href":"http:\/\/unterwegs.wersa.de\/index.php?rest_route=%2Fwp%2Fv2%2Fmedia&parent=3234"}],"curies":[{"name":"wp","href":"https:\/\/api.w.org\/{rel}","templated":true}]}}