{"id":3345,"date":"2022-04-24T13:00:00","date_gmt":"2022-04-24T11:00:00","guid":{"rendered":"http:\/\/unterwegs.wersa.de\/?page_id=3345"},"modified":"2022-11-06T19:24:49","modified_gmt":"2022-11-06T18:24:49","slug":"koeerich-lux-2-2-3","status":"publish","type":"page","link":"http:\/\/unterwegs.wersa.de\/?page_id=3345","title":{"rendered":"Kaunitz (mit Video)"},"content":{"rendered":"\n<h3 class=\"wp-block-heading\">Stellplatz an der Ostwestfalenhalle<\/h3>\n\n\n\n<p>Der Stellplatz liegt zwischen der Ostwestfalenhalle und dem Sch\u00fctzenhaus.<\/p>\n\n\n<div class=\"wp-block-image\">\n<figure class=\"alignleft size-large is-resized\"><img loading=\"lazy\" decoding=\"async\" src=\"http:\/\/unterwegs.wersa.de\/wp-content\/uploads\/2022\/11\/OWL_Halle-1024x576.jpg\" alt=\"\" class=\"wp-image-3350\" width=\"503\" height=\"282\" srcset=\"http:\/\/unterwegs.wersa.de\/wp-content\/uploads\/2022\/11\/OWL_Halle-1024x576.jpg 1024w, http:\/\/unterwegs.wersa.de\/wp-content\/uploads\/2022\/11\/OWL_Halle-300x169.jpg 300w, http:\/\/unterwegs.wersa.de\/wp-content\/uploads\/2022\/11\/OWL_Halle-768x432.jpg 768w, http:\/\/unterwegs.wersa.de\/wp-content\/uploads\/2022\/11\/OWL_Halle-1536x864.jpg 1536w, http:\/\/unterwegs.wersa.de\/wp-content\/uploads\/2022\/11\/OWL_Halle-1140x641.jpg 1140w, http:\/\/unterwegs.wersa.de\/wp-content\/uploads\/2022\/11\/OWL_Halle-540x304.jpg 540w, http:\/\/unterwegs.wersa.de\/wp-content\/uploads\/2022\/11\/OWL_Halle.jpg 1604w\" sizes=\"auto, (max-width: 503px) 100vw, 503px\" \/><\/figure><\/div>\n\n\n<p><strong>Adresse<\/strong><br>Alter Postweg 12, 33415 Werl (Kaunitz)<\/p>\n\n\n\n<p><strong>Stellfl\u00e4chen<\/strong><br>6 parzellierte, ebene Pl\u00e4tze auf befestigtem Rasen<\/p>\n\n\n\n<p><strong>Ver- &amp; Entsorgung<\/strong><br>Es gibt Stroms\u00e4ulen, Ver- und Entsorgung mit Bodeneinlass, Hundekotbeutel. <\/p>\n\n\n\n<p><strong>Stellplatzgeb\u00fchr<\/strong><br>(2022) kostenlos<\/p>\n\n\n\n<p><strong>Infrastruktur<\/strong><br>Einkaufsm\u00f6glichkeiten und Restaurants in der Stadt, Rad- und Wanderwege.<\/p>\n\n\n\n<p><strong>Zufahrt <\/strong><br>Von der F\u00fcrstenstra\u00dfe in den alten Postweg einbiegen, dann vor dem Haus der Sch\u00fctzenbruderschaft rechts rein. Der Platz liegt ruhig abseits der Hauptstra\u00dfen.<\/p>\n\n\n\n<figure class=\"wp-block-video\"><video controls poster=\"http:\/\/unterwegs.wersa.de\/wp-content\/uploads\/2022\/11\/Kaunitz_Platz.jpg\" src=\"https:\/\/www.wersa.de\/StPlVids\/Blomberg.mp4\"><\/video><figcaption>Stellplatz-Video<\/figcaption><\/figure>\n","protected":false},"excerpt":{"rendered":"<p>Stellplatz an der Ostwestfalenhalle Der Stellplatz liegt zwischen der Ostwestfalenhalle und dem Sch\u00fctzenhaus. AdresseAlter Postweg 12, 33415 Werl (Kaunitz) Stellfl\u00e4chen6 parzellierte, ebene Pl\u00e4tze auf befestigtem Rasen Ver- &amp; EntsorgungEs gibt Stroms\u00e4ulen, Ver- und Entsorgung mit Bodeneinlass, Hundekotbeutel. Stellplatzgeb\u00fchr(2022) kostenlos InfrastrukturEinkaufsm\u00f6glichkeiten und Restaurants in der Stadt, Rad- und Wanderwege. Zufahrt Von der F\u00fcrstenstra\u00dfe in den alten&hellip;<\/p>\n","protected":false},"author":2,"featured_media":3365,"parent":0,"menu_order":0,"comment_status":"closed","ping_status":"closed","template":"","meta":{"footnotes":""},"class_list":["post-3345","page","type-page","status-publish","has-post-thumbnail","hentry"],"_links":{"self":[{"href":"http:\/\/unterwegs.wersa.de\/index.php?rest_route=\/wp\/v2\/pages\/3345","targetHints":{"allow":["GET"]}}],"collection":[{"href":"http:\/\/unterwegs.wersa.de\/index.php?rest_route=\/wp\/v2\/pages"}],"about":[{"href":"http:\/\/unterwegs.wersa.de\/index.php?rest_route=\/wp\/v2\/types\/page"}],"author":[{"embeddable":true,"href":"http:\/\/unterwegs.wersa.de\/index.php?rest_route=\/wp\/v2\/users\/2"}],"replies":[{"embeddable":true,"href":"http:\/\/unterwegs.wersa.de\/index.php?rest_route=%2Fwp%2Fv2%2Fcomments&post=3345"}],"version-history":[{"count":4,"href":"http:\/\/unterwegs.wersa.de\/index.php?rest_route=\/wp\/v2\/pages\/3345\/revisions"}],"predecessor-version":[{"id":3364,"href":"http:\/\/unterwegs.wersa.de\/index.php?rest_route=\/wp\/v2\/pages\/3345\/revisions\/3364"}],"wp:featuredmedia":[{"embeddable":true,"href":"http:\/\/unterwegs.wersa.de\/index.php?rest_route=\/wp\/v2\/media\/3365"}],"wp:attachment":[{"href":"http:\/\/unterwegs.wersa.de\/index.php?rest_route=%2Fwp%2Fv2%2Fmedia&parent=3345"}],"curies":[{"name":"wp","href":"https:\/\/api.w.org\/{rel}","templated":true}]}}