{"id":3373,"date":"2022-11-21T17:00:00","date_gmt":"2022-11-21T16:00:00","guid":{"rendered":"http:\/\/unterwegs.wersa.de\/?page_id=3373"},"modified":"2023-10-27T19:38:04","modified_gmt":"2023-10-27T17:38:04","slug":"koeerich-lux-2-2-3-2-2","status":"publish","type":"page","link":"http:\/\/unterwegs.wersa.de\/?page_id=3373","title":{"rendered":"Wrexen (mit Video)"},"content":{"rendered":"\n<h3 class=\"wp-block-heading\">Stellplatz Steinberg<\/h3>\n\n\n\n<p>Wrexen liegt an der Grenze zwischen Nordrhein-Westfalen und Hessen im Landkeis Diemelstadt.<\/p>\n\n\n<div class=\"wp-block-image\">\n<figure class=\"alignright size-large is-resized\"><img loading=\"lazy\" decoding=\"async\" width=\"1411\" height=\"794\" src=\"http:\/\/unterwegs.wersa.de\/wp-content\/uploads\/2022\/11\/vlcsnap-2022-11-21-17h16m02s546-edited.jpg\" alt=\"\" class=\"wp-image-3376\" style=\"width:475px\" srcset=\"http:\/\/unterwegs.wersa.de\/wp-content\/uploads\/2022\/11\/vlcsnap-2022-11-21-17h16m02s546-edited.jpg 1411w, http:\/\/unterwegs.wersa.de\/wp-content\/uploads\/2022\/11\/vlcsnap-2022-11-21-17h16m02s546-edited-300x169.jpg 300w, http:\/\/unterwegs.wersa.de\/wp-content\/uploads\/2022\/11\/vlcsnap-2022-11-21-17h16m02s546-edited-1024x576.jpg 1024w, http:\/\/unterwegs.wersa.de\/wp-content\/uploads\/2022\/11\/vlcsnap-2022-11-21-17h16m02s546-edited-768x432.jpg 768w, http:\/\/unterwegs.wersa.de\/wp-content\/uploads\/2022\/11\/vlcsnap-2022-11-21-17h16m02s546-edited-1140x641.jpg 1140w, http:\/\/unterwegs.wersa.de\/wp-content\/uploads\/2022\/11\/vlcsnap-2022-11-21-17h16m02s546-edited-540x304.jpg 540w\" sizes=\"auto, (max-width: 1411px) 100vw, 1411px\" \/><\/figure><\/div>\n\n\n<p><strong>Adresse<\/strong><br>Am Freibad Steinberg, 34474 Diemelstadt<\/p>\n\n\n\n<p><strong>Stellfl\u00e4chen<\/strong><br>4 nicht parzellierte Pl\u00e4tze, Untergrund befestigter Schotter. Evtl. finden auch ein oder zwei Fahrzeuge mehr Platz.<\/p>\n\n\n\n<p><strong>Ver- &amp; Entsorgung<\/strong><br>ein M\u00fclleimer, sonst keine Infrastruktur. <\/p>\n\n\n\n<p><strong>Stellplatzgeb\u00fchr<\/strong><br>(2022) kostenlos<\/p>\n\n\n\n<p><strong>Infrastruktur<\/strong><br>Einkaufsm\u00f6glichkeiten und Imbiss im Ort, Freibad, Freizeitanlage mit Reitplatz am Stellplatz, sowie Fahrrd-  und Wanderwege.<\/p>\n\n\n\n<p><strong>Zufahrt <\/strong><br>Von der Hauptstra\u00dfe abbiegen in den Steinberg, die Stra\u00dfe bis zum Ende hochfahren, am Ende links, gleich wieder rechts, am Freibad und den PKW-Parkpl\u00e4tzen vorbei, dann liegt der Stellplatz links.<\/p>\n\n\n\n<figure class=\"wp-block-video\"><video controls poster=\"http:\/\/unterwegs.wersa.de\/wp-content\/uploads\/2022\/11\/vlcsnap-2022-11-21-12h40m36s336.jpg\" src=\"https:\/\/www.wersa.de\/StPlVids\/Wrexen.MP4\"><\/video><figcaption class=\"wp-element-caption\">Stellplatz-Video<\/figcaption><\/figure>\n","protected":false},"excerpt":{"rendered":"<p>Stellplatz Steinberg Wrexen liegt an der Grenze zwischen Nordrhein-Westfalen und Hessen im Landkeis Diemelstadt. AdresseAm Freibad Steinberg, 34474 Diemelstadt Stellfl\u00e4chen4 nicht parzellierte Pl\u00e4tze, Untergrund befestigter Schotter. Evtl. finden auch ein oder zwei Fahrzeuge mehr Platz. Ver- &amp; Entsorgungein M\u00fclleimer, sonst keine Infrastruktur. Stellplatzgeb\u00fchr(2022) kostenlos InfrastrukturEinkaufsm\u00f6glichkeiten und Imbiss im Ort, Freibad, Freizeitanlage mit Reitplatz am Stellplatz,&hellip;<\/p>\n","protected":false},"author":2,"featured_media":3377,"parent":0,"menu_order":0,"comment_status":"closed","ping_status":"closed","template":"","meta":{"footnotes":""},"class_list":["post-3373","page","type-page","status-publish","has-post-thumbnail","hentry"],"_links":{"self":[{"href":"http:\/\/unterwegs.wersa.de\/index.php?rest_route=\/wp\/v2\/pages\/3373","targetHints":{"allow":["GET"]}}],"collection":[{"href":"http:\/\/unterwegs.wersa.de\/index.php?rest_route=\/wp\/v2\/pages"}],"about":[{"href":"http:\/\/unterwegs.wersa.de\/index.php?rest_route=\/wp\/v2\/types\/page"}],"author":[{"embeddable":true,"href":"http:\/\/unterwegs.wersa.de\/index.php?rest_route=\/wp\/v2\/users\/2"}],"replies":[{"embeddable":true,"href":"http:\/\/unterwegs.wersa.de\/index.php?rest_route=%2Fwp%2Fv2%2Fcomments&post=3373"}],"version-history":[{"count":3,"href":"http:\/\/unterwegs.wersa.de\/index.php?rest_route=\/wp\/v2\/pages\/3373\/revisions"}],"predecessor-version":[{"id":4529,"href":"http:\/\/unterwegs.wersa.de\/index.php?rest_route=\/wp\/v2\/pages\/3373\/revisions\/4529"}],"wp:featuredmedia":[{"embeddable":true,"href":"http:\/\/unterwegs.wersa.de\/index.php?rest_route=\/wp\/v2\/media\/3377"}],"wp:attachment":[{"href":"http:\/\/unterwegs.wersa.de\/index.php?rest_route=%2Fwp%2Fv2%2Fmedia&parent=3373"}],"curies":[{"name":"wp","href":"https:\/\/api.w.org\/{rel}","templated":true}]}}