{"id":4555,"date":"2023-10-28T10:00:00","date_gmt":"2023-10-28T08:00:00","guid":{"rendered":"http:\/\/unterwegs.wersa.de\/?page_id=4555"},"modified":"2023-11-08T18:24:24","modified_gmt":"2023-11-08T17:24:24","slug":"koeerich-lux-2-2-3-2-3","status":"publish","type":"page","link":"http:\/\/unterwegs.wersa.de\/?page_id=4555","title":{"rendered":"Moosbach"},"content":{"rendered":"\n<h3 class=\"wp-block-heading\">Stellplatz an der Wieskirche<\/h3>\n\n\n\n<p><strong>Adresse<\/strong><br>Friedhofstra\u00dfe, 92709 Moosbach<\/p>\n\n\n\n<p>Moosbach liegt ost-nord-\u00f6stlich von N\u00fcrnberg in der Oberpfalz nahe der Grenzstadt Waidhaus nach Tschechischen.<\/p>\n\n\n\n<figure class=\"wp-block-image size-full\"><img loading=\"lazy\" decoding=\"async\" width=\"1010\" height=\"572\" src=\"http:\/\/unterwegs.wersa.de\/wp-content\/uploads\/2023\/10\/IMG_E4278.jpg\" alt=\"\" class=\"wp-image-4560\" srcset=\"http:\/\/unterwegs.wersa.de\/wp-content\/uploads\/2023\/10\/IMG_E4278.jpg 1010w, http:\/\/unterwegs.wersa.de\/wp-content\/uploads\/2023\/10\/IMG_E4278-300x170.jpg 300w, http:\/\/unterwegs.wersa.de\/wp-content\/uploads\/2023\/10\/IMG_E4278-768x435.jpg 768w\" sizes=\"auto, (max-width: 1010px) 100vw, 1010px\" \/><\/figure>\n\n\n\n<p><strong>Stellfl\u00e4chen<\/strong><br>Offiziell 6 nicht parzellierte Pl\u00e4tze, auch f\u00fcr Fahrzeuge \u00fcber 8 Meter geeignet, Untergrund befestigter Rasen-Schotter. <br>Es gibt drei Areale, mit Platz f\u00fcr jeweils drei, vier oder f\u00fcnf Fahrzeuge, daher durchaus auch Platz f\u00fcr mehr als sechs Fahrzeuge.<\/p>\n\n\n\n<figure class=\"wp-block-gallery has-nested-images columns-default is-cropped wp-block-gallery-1 is-layout-flex wp-block-gallery-is-layout-flex\">\n<figure class=\"wp-block-image size-full\"><img loading=\"lazy\" decoding=\"async\" width=\"1010\" height=\"573\" data-id=\"4547\" src=\"http:\/\/unterwegs.wersa.de\/wp-content\/uploads\/2023\/10\/IMG_E4241.jpg\" alt=\"\" class=\"wp-image-4547\" srcset=\"http:\/\/unterwegs.wersa.de\/wp-content\/uploads\/2023\/10\/IMG_E4241.jpg 1010w, http:\/\/unterwegs.wersa.de\/wp-content\/uploads\/2023\/10\/IMG_E4241-300x170.jpg 300w, http:\/\/unterwegs.wersa.de\/wp-content\/uploads\/2023\/10\/IMG_E4241-768x436.jpg 768w\" sizes=\"auto, (max-width: 1010px) 100vw, 1010px\" \/><\/figure>\n\n\n\n<figure class=\"wp-block-image size-full\"><img loading=\"lazy\" decoding=\"async\" width=\"1010\" height=\"573\" data-id=\"4546\" src=\"http:\/\/unterwegs.wersa.de\/wp-content\/uploads\/2023\/10\/IMG_E4240.jpg\" alt=\"\" class=\"wp-image-4546\" srcset=\"http:\/\/unterwegs.wersa.de\/wp-content\/uploads\/2023\/10\/IMG_E4240.jpg 1010w, http:\/\/unterwegs.wersa.de\/wp-content\/uploads\/2023\/10\/IMG_E4240-300x170.jpg 300w, http:\/\/unterwegs.wersa.de\/wp-content\/uploads\/2023\/10\/IMG_E4240-768x436.jpg 768w\" sizes=\"auto, (max-width: 1010px) 100vw, 1010px\" \/><\/figure>\n<\/figure>\n\n\n\n<p><strong>Stellplatzgeb\u00fchr<\/strong><br>(2023) 5\u20ac, zu bezahlen im B\u00fcrgerb\u00fcro \/ Rathaus; Aufenthalt unbegrenzt; Wohnwagen sind erlaubt<\/p>\n\n\n<div class=\"wp-block-image\">\n<figure class=\"alignright size-full is-resized\"><img loading=\"lazy\" decoding=\"async\" width=\"910\" height=\"685\" src=\"http:\/\/unterwegs.wersa.de\/wp-content\/uploads\/2023\/10\/IMG_E4243.jpg\" alt=\"\" class=\"wp-image-4548\" style=\"aspect-ratio:1.3284671532846715;width:278px;height:auto\" srcset=\"http:\/\/unterwegs.wersa.de\/wp-content\/uploads\/2023\/10\/IMG_E4243.jpg 910w, http:\/\/unterwegs.wersa.de\/wp-content\/uploads\/2023\/10\/IMG_E4243-300x226.jpg 300w, http:\/\/unterwegs.wersa.de\/wp-content\/uploads\/2023\/10\/IMG_E4243-768x578.jpg 768w, http:\/\/unterwegs.wersa.de\/wp-content\/uploads\/2023\/10\/IMG_E4243-120x90.jpg 120w\" sizes=\"auto, (max-width: 910px) 100vw, 910px\" \/><\/figure><\/div>\n\n\n<p><strong>Ver- &amp; Entsorgung<\/strong><br>Strom, Ver- und Endsorgung im Preis enthalten. Toiletten im angrenzenden Friedhof k\u00f6nnen genutzt werden.<br>Stromanschl\u00fcsse an einem zentralen Kasten; <strong>keine CEE-Stecker<\/strong>, also Adapter notwendig!<\/p>\n\n\n\n<p><strong>Infrastruktur<\/strong><br>B\u00e4cker, Metzger und Gastst\u00e4tten im Ort. Es gibt lokale Moosbacher Bierspezialit\u00e4ten.<\/p>\n\n\n\n<p><strong>Zufahrt <\/strong><br>Von der A6 die Ausfahrt 74 (Vohenstrau\u00df-Ost) ist  Moosbach ausgeschildert.<\/p>\n\n\n\n<figure class=\"wp-block-gallery has-nested-images columns-default is-cropped wp-block-gallery-2 is-layout-flex wp-block-gallery-is-layout-flex\">\n<figure class=\"wp-block-image size-large\"><img loading=\"lazy\" decoding=\"async\" width=\"910\" height=\"685\" data-id=\"4558\" src=\"http:\/\/unterwegs.wersa.de\/wp-content\/uploads\/2023\/10\/IMG_1950.jpg\" alt=\"\" class=\"wp-image-4558\" srcset=\"http:\/\/unterwegs.wersa.de\/wp-content\/uploads\/2023\/10\/IMG_1950.jpg 910w, http:\/\/unterwegs.wersa.de\/wp-content\/uploads\/2023\/10\/IMG_1950-300x226.jpg 300w, http:\/\/unterwegs.wersa.de\/wp-content\/uploads\/2023\/10\/IMG_1950-768x578.jpg 768w, http:\/\/unterwegs.wersa.de\/wp-content\/uploads\/2023\/10\/IMG_1950-120x90.jpg 120w\" sizes=\"auto, (max-width: 910px) 100vw, 910px\" \/><\/figure>\n\n\n\n<figure class=\"wp-block-image size-full\"><img loading=\"lazy\" decoding=\"async\" width=\"910\" height=\"685\" data-id=\"4545\" src=\"http:\/\/unterwegs.wersa.de\/wp-content\/uploads\/2023\/10\/IMG_1947.jpg\" alt=\"\" class=\"wp-image-4545\" srcset=\"http:\/\/unterwegs.wersa.de\/wp-content\/uploads\/2023\/10\/IMG_1947.jpg 910w, http:\/\/unterwegs.wersa.de\/wp-content\/uploads\/2023\/10\/IMG_1947-300x226.jpg 300w, http:\/\/unterwegs.wersa.de\/wp-content\/uploads\/2023\/10\/IMG_1947-768x578.jpg 768w, http:\/\/unterwegs.wersa.de\/wp-content\/uploads\/2023\/10\/IMG_1947-120x90.jpg 120w\" sizes=\"auto, (max-width: 910px) 100vw, 910px\" \/><\/figure>\n\n\n\n<figure class=\"wp-block-image size-full\"><img loading=\"lazy\" decoding=\"async\" width=\"910\" height=\"685\" data-id=\"4559\" src=\"http:\/\/unterwegs.wersa.de\/wp-content\/uploads\/2023\/10\/IMG_E4254.jpg\" alt=\"\" class=\"wp-image-4559\" srcset=\"http:\/\/unterwegs.wersa.de\/wp-content\/uploads\/2023\/10\/IMG_E4254.jpg 910w, http:\/\/unterwegs.wersa.de\/wp-content\/uploads\/2023\/10\/IMG_E4254-300x226.jpg 300w, http:\/\/unterwegs.wersa.de\/wp-content\/uploads\/2023\/10\/IMG_E4254-768x578.jpg 768w, http:\/\/unterwegs.wersa.de\/wp-content\/uploads\/2023\/10\/IMG_E4254-120x90.jpg 120w\" sizes=\"auto, (max-width: 910px) 100vw, 910px\" \/><\/figure>\n<\/figure>\n\n\n\n<p><strong>In der N\u00e4he<\/strong><\/p>\n\n\n\n<p>Kurpark mit Wildtiergehege, Keipp-Anlage, Minigolf, Abenteuerspielplatz und Imbiss<br>Es gibt gute und ausgewiesene Wanderm\u00f6glichkeiten, die Stadt bietet auch gef\u00fchrte Wanderungen an.<\/p>\n","protected":false},"excerpt":{"rendered":"<p>Stellplatz an der Wieskirche AdresseFriedhofstra\u00dfe, 92709 Moosbach Moosbach liegt ost-nord-\u00f6stlich von N\u00fcrnberg in der Oberpfalz nahe der Grenzstadt Waidhaus nach Tschechischen. Stellfl\u00e4chenOffiziell 6 nicht parzellierte Pl\u00e4tze, auch f\u00fcr Fahrzeuge \u00fcber 8 Meter geeignet, Untergrund befestigter Rasen-Schotter. Es gibt drei Areale, mit Platz f\u00fcr jeweils drei, vier oder f\u00fcnf Fahrzeuge, daher durchaus auch Platz f\u00fcr mehr&hellip;<\/p>\n","protected":false},"author":2,"featured_media":4549,"parent":1256,"menu_order":0,"comment_status":"closed","ping_status":"closed","template":"","meta":{"footnotes":""},"class_list":["post-4555","page","type-page","status-publish","has-post-thumbnail","hentry"],"_links":{"self":[{"href":"http:\/\/unterwegs.wersa.de\/index.php?rest_route=\/wp\/v2\/pages\/4555","targetHints":{"allow":["GET"]}}],"collection":[{"href":"http:\/\/unterwegs.wersa.de\/index.php?rest_route=\/wp\/v2\/pages"}],"about":[{"href":"http:\/\/unterwegs.wersa.de\/index.php?rest_route=\/wp\/v2\/types\/page"}],"author":[{"embeddable":true,"href":"http:\/\/unterwegs.wersa.de\/index.php?rest_route=\/wp\/v2\/users\/2"}],"replies":[{"embeddable":true,"href":"http:\/\/unterwegs.wersa.de\/index.php?rest_route=%2Fwp%2Fv2%2Fcomments&post=4555"}],"version-history":[{"count":4,"href":"http:\/\/unterwegs.wersa.de\/index.php?rest_route=\/wp\/v2\/pages\/4555\/revisions"}],"predecessor-version":[{"id":4563,"href":"http:\/\/unterwegs.wersa.de\/index.php?rest_route=\/wp\/v2\/pages\/4555\/revisions\/4563"}],"up":[{"embeddable":true,"href":"http:\/\/unterwegs.wersa.de\/index.php?rest_route=\/wp\/v2\/pages\/1256"}],"wp:featuredmedia":[{"embeddable":true,"href":"http:\/\/unterwegs.wersa.de\/index.php?rest_route=\/wp\/v2\/media\/4549"}],"wp:attachment":[{"href":"http:\/\/unterwegs.wersa.de\/index.php?rest_route=%2Fwp%2Fv2%2Fmedia&parent=4555"}],"curies":[{"name":"wp","href":"https:\/\/api.w.org\/{rel}","templated":true}]}}