{"id":4587,"date":"2023-10-28T15:15:48","date_gmt":"2023-10-28T13:15:48","guid":{"rendered":"http:\/\/unterwegs.wersa.de\/?page_id=4587"},"modified":"2023-11-08T18:23:38","modified_gmt":"2023-11-08T17:23:38","slug":"koeerich-lux-2-2-3-2-3-3","status":"publish","type":"page","link":"http:\/\/unterwegs.wersa.de\/?page_id=4587","title":{"rendered":"Schwandorf"},"content":{"rendered":"\n<h3 class=\"wp-block-heading\">Stellplatz am Festplatz<\/h3>\n\n\n\n<p><strong>Adresse<\/strong><br>Angerring 35, 92421 Schwandorf<\/p>\n\n\n\n<p>Schwandorf liegt in der Oberpfalz n\u00f6rdlich von Regensburg in der N\u00e4he von Wackerdorf. Durch Schwandorf flie\u00dft die Naab, und der Stellplatz liegt gegen\u00fcber der Altstadt.<\/p>\n\n\n\n<figure class=\"wp-block-gallery has-nested-images columns-default is-cropped wp-block-gallery-1 is-layout-flex wp-block-gallery-is-layout-flex\">\n<figure class=\"wp-block-image size-full\"><img loading=\"lazy\" decoding=\"async\" width=\"1010\" height=\"573\" data-id=\"4584\" src=\"http:\/\/unterwegs.wersa.de\/wp-content\/uploads\/2023\/10\/IMG_E4296.jpg\" alt=\"\" class=\"wp-image-4584\" srcset=\"http:\/\/unterwegs.wersa.de\/wp-content\/uploads\/2023\/10\/IMG_E4296.jpg 1010w, http:\/\/unterwegs.wersa.de\/wp-content\/uploads\/2023\/10\/IMG_E4296-300x170.jpg 300w, http:\/\/unterwegs.wersa.de\/wp-content\/uploads\/2023\/10\/IMG_E4296-768x436.jpg 768w\" sizes=\"auto, (max-width: 1010px) 100vw, 1010px\" \/><\/figure>\n\n\n\n<figure class=\"wp-block-image size-full\"><img loading=\"lazy\" decoding=\"async\" width=\"1010\" height=\"572\" data-id=\"4585\" src=\"http:\/\/unterwegs.wersa.de\/wp-content\/uploads\/2023\/10\/IMG_E4300.jpg\" alt=\"\" class=\"wp-image-4585\" srcset=\"http:\/\/unterwegs.wersa.de\/wp-content\/uploads\/2023\/10\/IMG_E4300.jpg 1010w, http:\/\/unterwegs.wersa.de\/wp-content\/uploads\/2023\/10\/IMG_E4300-300x170.jpg 300w, http:\/\/unterwegs.wersa.de\/wp-content\/uploads\/2023\/10\/IMG_E4300-768x435.jpg 768w\" sizes=\"auto, (max-width: 1010px) 100vw, 1010px\" \/><\/figure>\n<\/figure>\n\n\n\n<p><strong>Stellfl\u00e4chen<\/strong><br>Offiziell 30 nicht parzellierte Pl\u00e4tze, geeignet f\u00fcr Fahrzeuge jeder Gr\u00f6\u00dfe, Untergrund Rasen, Rasen-Schotter und Rasengitter. <br>Die Pl\u00e4tze sind zum Ufer der Naab hin gelegen, ein Spazier- und Radweg liegt dazwischen. Weitere Pl\u00e4tze stehen auf dem Festplatz zur Verf\u00fcgung<\/p>\n\n\n\n<p><strong>Stellplatzgeb\u00fchr<\/strong><br>kostenlos (2023)<\/p>\n\n\n\n<figure class=\"wp-block-gallery has-nested-images columns-default is-cropped wp-block-gallery-2 is-layout-flex wp-block-gallery-is-layout-flex\">\n<figure class=\"wp-block-image size-large\"><img loading=\"lazy\" decoding=\"async\" width=\"1010\" height=\"573\" data-id=\"4582\" src=\"http:\/\/unterwegs.wersa.de\/wp-content\/uploads\/2023\/10\/IMG_E4291.jpg\" alt=\"\" class=\"wp-image-4582\" srcset=\"http:\/\/unterwegs.wersa.de\/wp-content\/uploads\/2023\/10\/IMG_E4291.jpg 1010w, http:\/\/unterwegs.wersa.de\/wp-content\/uploads\/2023\/10\/IMG_E4291-300x170.jpg 300w, http:\/\/unterwegs.wersa.de\/wp-content\/uploads\/2023\/10\/IMG_E4291-768x436.jpg 768w\" sizes=\"auto, (max-width: 1010px) 100vw, 1010px\" \/><\/figure>\n\n\n\n<figure class=\"wp-block-image size-full\"><img loading=\"lazy\" decoding=\"async\" width=\"1010\" height=\"573\" data-id=\"4594\" src=\"http:\/\/unterwegs.wersa.de\/wp-content\/uploads\/2023\/10\/IMG_E4306.jpg\" alt=\"\" class=\"wp-image-4594\" srcset=\"http:\/\/unterwegs.wersa.de\/wp-content\/uploads\/2023\/10\/IMG_E4306.jpg 1010w, http:\/\/unterwegs.wersa.de\/wp-content\/uploads\/2023\/10\/IMG_E4306-300x170.jpg 300w, http:\/\/unterwegs.wersa.de\/wp-content\/uploads\/2023\/10\/IMG_E4306-768x436.jpg 768w\" sizes=\"auto, (max-width: 1010px) 100vw, 1010px\" \/><\/figure>\n<\/figure>\n\n\n\n<p><strong>Ver- &amp; Entsorgung<\/strong><br>Es gibt einzelne Stroms\u00e4ulen, Ver- und Endsorgung im Preis enthalten. <br>Stromanschl\u00fcsse an einem zentralen Kasten; <strong>keine CEE-Stecker<\/strong>, also Adapter notwendig!<\/p>\n\n\n<div class=\"wp-block-image\">\n<figure class=\"alignright size-full is-resized\"><img loading=\"lazy\" decoding=\"async\" width=\"1010\" height=\"572\" src=\"http:\/\/unterwegs.wersa.de\/wp-content\/uploads\/2023\/10\/IMG_E4303.jpg\" alt=\"\" class=\"wp-image-4590\" style=\"aspect-ratio:1.7657342657342658;width:339px;height:auto\" srcset=\"http:\/\/unterwegs.wersa.de\/wp-content\/uploads\/2023\/10\/IMG_E4303.jpg 1010w, http:\/\/unterwegs.wersa.de\/wp-content\/uploads\/2023\/10\/IMG_E4303-300x170.jpg 300w, http:\/\/unterwegs.wersa.de\/wp-content\/uploads\/2023\/10\/IMG_E4303-768x435.jpg 768w\" sizes=\"auto, (max-width: 1010px) 100vw, 1010px\" \/><\/figure><\/div>\n\n\n<p><strong>Infrastruktur<\/strong><br>Verschiedene Gastst\u00e4tten und Bierg\u00e4rten in der N\u00e4he und in der Altstadt. Tankstelle bei der Einfahrt zum Festplatz. Einkaufsm\u00f6glichkeiten in der Altstdt, Superm\u00e4rkte am anderen Ende der Altstadt.<\/p>\n\n\n\n<p><strong>Zufahrt <\/strong><br>\u00dcber die B85 vom Amberg aus oder von der A93 aus Abfahrt 33 Schwandorf Mitte.<\/p>\n\n\n\n<figure class=\"wp-block-gallery has-nested-images columns-default is-cropped wp-block-gallery-3 is-layout-flex wp-block-gallery-is-layout-flex\">\n<figure class=\"wp-block-image size-large\"><img loading=\"lazy\" decoding=\"async\" width=\"1010\" height=\"573\" data-id=\"4589\" src=\"http:\/\/unterwegs.wersa.de\/wp-content\/uploads\/2023\/10\/IMG_E4312.jpg\" alt=\"\" class=\"wp-image-4589\" srcset=\"http:\/\/unterwegs.wersa.de\/wp-content\/uploads\/2023\/10\/IMG_E4312.jpg 1010w, http:\/\/unterwegs.wersa.de\/wp-content\/uploads\/2023\/10\/IMG_E4312-300x170.jpg 300w, http:\/\/unterwegs.wersa.de\/wp-content\/uploads\/2023\/10\/IMG_E4312-768x436.jpg 768w\" sizes=\"auto, (max-width: 1010px) 100vw, 1010px\" \/><\/figure>\n\n\n\n<figure class=\"wp-block-image size-full\"><img loading=\"lazy\" decoding=\"async\" width=\"1010\" height=\"573\" data-id=\"4586\" src=\"http:\/\/unterwegs.wersa.de\/wp-content\/uploads\/2023\/10\/IMG_E4301.jpg\" alt=\"\" class=\"wp-image-4586\" srcset=\"http:\/\/unterwegs.wersa.de\/wp-content\/uploads\/2023\/10\/IMG_E4301.jpg 1010w, http:\/\/unterwegs.wersa.de\/wp-content\/uploads\/2023\/10\/IMG_E4301-300x170.jpg 300w, http:\/\/unterwegs.wersa.de\/wp-content\/uploads\/2023\/10\/IMG_E4301-768x436.jpg 768w\" sizes=\"auto, (max-width: 1010px) 100vw, 1010px\" \/><\/figure>\n<\/figure>\n\n\n\n<p><strong>In der N\u00e4he<\/strong><br>Sehenswerte Altstdt, Felsenkeller Museum f\u00fcr die Geschichte der Bierbraukunst in Schwandorf.<\/p>\n","protected":false},"excerpt":{"rendered":"<p>Stellplatz am Festplatz AdresseAngerring 35, 92421 Schwandorf Schwandorf liegt in der Oberpfalz n\u00f6rdlich von Regensburg in der N\u00e4he von Wackerdorf. Durch Schwandorf flie\u00dft die Naab, und der Stellplatz liegt gegen\u00fcber der Altstadt. Stellfl\u00e4chenOffiziell 30 nicht parzellierte Pl\u00e4tze, geeignet f\u00fcr Fahrzeuge jeder Gr\u00f6\u00dfe, Untergrund Rasen, Rasen-Schotter und Rasengitter. Die Pl\u00e4tze sind zum Ufer der Naab hin&hellip;<\/p>\n","protected":false},"author":2,"featured_media":4583,"parent":1256,"menu_order":0,"comment_status":"closed","ping_status":"closed","template":"","meta":{"footnotes":""},"class_list":["post-4587","page","type-page","status-publish","has-post-thumbnail","hentry"],"_links":{"self":[{"href":"http:\/\/unterwegs.wersa.de\/index.php?rest_route=\/wp\/v2\/pages\/4587","targetHints":{"allow":["GET"]}}],"collection":[{"href":"http:\/\/unterwegs.wersa.de\/index.php?rest_route=\/wp\/v2\/pages"}],"about":[{"href":"http:\/\/unterwegs.wersa.de\/index.php?rest_route=\/wp\/v2\/types\/page"}],"author":[{"embeddable":true,"href":"http:\/\/unterwegs.wersa.de\/index.php?rest_route=\/wp\/v2\/users\/2"}],"replies":[{"embeddable":true,"href":"http:\/\/unterwegs.wersa.de\/index.php?rest_route=%2Fwp%2Fv2%2Fcomments&post=4587"}],"version-history":[{"count":3,"href":"http:\/\/unterwegs.wersa.de\/index.php?rest_route=\/wp\/v2\/pages\/4587\/revisions"}],"predecessor-version":[{"id":4596,"href":"http:\/\/unterwegs.wersa.de\/index.php?rest_route=\/wp\/v2\/pages\/4587\/revisions\/4596"}],"up":[{"embeddable":true,"href":"http:\/\/unterwegs.wersa.de\/index.php?rest_route=\/wp\/v2\/pages\/1256"}],"wp:featuredmedia":[{"embeddable":true,"href":"http:\/\/unterwegs.wersa.de\/index.php?rest_route=\/wp\/v2\/media\/4583"}],"wp:attachment":[{"href":"http:\/\/unterwegs.wersa.de\/index.php?rest_route=%2Fwp%2Fv2%2Fmedia&parent=4587"}],"curies":[{"name":"wp","href":"https:\/\/api.w.org\/{rel}","templated":true}]}}