{"id":4612,"date":"2023-10-31T20:00:00","date_gmt":"2023-10-31T19:00:00","guid":{"rendered":"http:\/\/unterwegs.wersa.de\/?page_id=4612"},"modified":"2023-11-08T13:59:46","modified_gmt":"2023-11-08T12:59:46","slug":"koeerich-lux-2-2-3-2-3-2-2-2","status":"publish","type":"page","link":"http:\/\/unterwegs.wersa.de\/?page_id=4612","title":{"rendered":"Sancoins (F)"},"content":{"rendered":"\n<h3 class=\"wp-block-heading\">Aire de Camping Cars am Canal de Berry<\/h3>\n\n\n\n<p><strong>Adresse<\/strong><br>Quai du Canal, 18600 Sancoins<br>H\u00f6he 192m \u00fc. M.<\/p>\n\n\n\n<figure class=\"wp-block-gallery has-nested-images columns-default is-cropped wp-block-gallery-1 is-layout-flex wp-block-gallery-is-layout-flex\">\n<figure class=\"wp-block-image size-full\"><img loading=\"lazy\" decoding=\"async\" width=\"1010\" height=\"572\" data-id=\"4621\" src=\"http:\/\/unterwegs.wersa.de\/wp-content\/uploads\/2023\/11\/IMG_E3655.jpg\" alt=\"\" class=\"wp-image-4621\" srcset=\"http:\/\/unterwegs.wersa.de\/wp-content\/uploads\/2023\/11\/IMG_E3655.jpg 1010w, http:\/\/unterwegs.wersa.de\/wp-content\/uploads\/2023\/11\/IMG_E3655-300x170.jpg 300w, http:\/\/unterwegs.wersa.de\/wp-content\/uploads\/2023\/11\/IMG_E3655-768x435.jpg 768w\" sizes=\"auto, (max-width: 1010px) 100vw, 1010px\" \/><\/figure>\n\n\n\n<figure class=\"wp-block-image size-full\"><img loading=\"lazy\" decoding=\"async\" width=\"1010\" height=\"572\" data-id=\"4618\" src=\"http:\/\/unterwegs.wersa.de\/wp-content\/uploads\/2023\/11\/IMG_E3647.jpg\" alt=\"\" class=\"wp-image-4618\" srcset=\"http:\/\/unterwegs.wersa.de\/wp-content\/uploads\/2023\/11\/IMG_E3647.jpg 1010w, http:\/\/unterwegs.wersa.de\/wp-content\/uploads\/2023\/11\/IMG_E3647-300x170.jpg 300w, http:\/\/unterwegs.wersa.de\/wp-content\/uploads\/2023\/11\/IMG_E3647-768x435.jpg 768w\" sizes=\"auto, (max-width: 1010px) 100vw, 1010px\" \/><\/figure>\n<\/figure>\n\n\n\n<p>Sancoins liegt s\u00fcdwestlich von Nevers, ungef\u00e4hr 25 km westlich von der Rennstrecke Magny-Cours entfernt. Hier gibt es den Canal de Berry, und direkt an diesem Kanal gibt es einen gem\u00fctlichen, kostenlosen Stellplatz f\u00fcr ca. 20 &#8211; 25 Wohnmobile.<\/p>\n\n\n\n<p><strong>Stellfl\u00e4chen<\/strong><br>Offiziell 20 teilparzellierte Pl\u00e4tze, Untergrung Kies\/Schotter mit Rasen.<\/p>\n\n\n\n<p><strong>Geb\u00fchren<\/strong> (2023)<\/p>\n\n\n\n<figure class=\"wp-block-table is-style-stripes\"><table><tbody><tr><td>Stellplatz<\/td><td>kostenlos<\/td><\/tr><tr><td>Strom<\/td><td>nicht vorhanden<\/td><\/tr><tr><td>Wassser<\/td><td>kostenpflichtig<\/td><\/tr><tr><td>Entsorgung<\/td><td>kostenlos f\u00fcr Kassette und Grauwasser (Bodeneinlass)<\/td><\/tr><\/tbody><\/table><\/figure>\n\n\n\n<figure class=\"wp-block-gallery has-nested-images columns-default is-cropped wp-block-gallery-2 is-layout-flex wp-block-gallery-is-layout-flex\">\n<figure class=\"wp-block-image size-full\"><img loading=\"lazy\" decoding=\"async\" width=\"1010\" height=\"573\" data-id=\"4619\" src=\"http:\/\/unterwegs.wersa.de\/wp-content\/uploads\/2023\/11\/IMG_E3650.jpg\" alt=\"\" class=\"wp-image-4619\" srcset=\"http:\/\/unterwegs.wersa.de\/wp-content\/uploads\/2023\/11\/IMG_E3650.jpg 1010w, http:\/\/unterwegs.wersa.de\/wp-content\/uploads\/2023\/11\/IMG_E3650-300x170.jpg 300w, http:\/\/unterwegs.wersa.de\/wp-content\/uploads\/2023\/11\/IMG_E3650-768x436.jpg 768w\" sizes=\"auto, (max-width: 1010px) 100vw, 1010px\" \/><\/figure>\n\n\n\n<figure class=\"wp-block-image size-full\"><img loading=\"lazy\" decoding=\"async\" width=\"1010\" height=\"573\" data-id=\"4620\" src=\"http:\/\/unterwegs.wersa.de\/wp-content\/uploads\/2023\/11\/IMG_E3652.jpg\" alt=\"\" class=\"wp-image-4620\" srcset=\"http:\/\/unterwegs.wersa.de\/wp-content\/uploads\/2023\/11\/IMG_E3652.jpg 1010w, http:\/\/unterwegs.wersa.de\/wp-content\/uploads\/2023\/11\/IMG_E3652-300x170.jpg 300w, http:\/\/unterwegs.wersa.de\/wp-content\/uploads\/2023\/11\/IMG_E3652-768x436.jpg 768w\" sizes=\"auto, (max-width: 1010px) 100vw, 1010px\" \/><\/figure>\n<\/figure>\n\n\n\n<p><strong>In der N\u00e4he<\/strong><\/p>\n\n\n\n<p>Supermarkt in der N\u00e4he, <br>Innenstadt mit Gesch\u00e4ften und Restaurants.<br>Donnerstags Markttag, der sehenswerte Markt erstreckt sich \u00fcber verschiedene Pl\u00e4tze in fast der gesamten Innenstadt und in der Markthalle. <br>Spaziergang am Ufer des Kanals, hundefreundlich.<\/p>\n\n\n\n<figure class=\"wp-block-gallery has-nested-images columns-default is-cropped wp-block-gallery-3 is-layout-flex wp-block-gallery-is-layout-flex\">\n<figure class=\"wp-block-image size-large\"><img loading=\"lazy\" decoding=\"async\" width=\"910\" height=\"685\" data-id=\"4624\" src=\"http:\/\/unterwegs.wersa.de\/wp-content\/uploads\/2023\/11\/IMG_E3666.jpg\" alt=\"\" class=\"wp-image-4624\" srcset=\"http:\/\/unterwegs.wersa.de\/wp-content\/uploads\/2023\/11\/IMG_E3666.jpg 910w, http:\/\/unterwegs.wersa.de\/wp-content\/uploads\/2023\/11\/IMG_E3666-300x226.jpg 300w, http:\/\/unterwegs.wersa.de\/wp-content\/uploads\/2023\/11\/IMG_E3666-768x578.jpg 768w, http:\/\/unterwegs.wersa.de\/wp-content\/uploads\/2023\/11\/IMG_E3666-120x90.jpg 120w\" sizes=\"auto, (max-width: 910px) 100vw, 910px\" \/><\/figure>\n\n\n\n<figure class=\"wp-block-image size-large\"><img loading=\"lazy\" decoding=\"async\" width=\"910\" height=\"685\" data-id=\"4622\" src=\"http:\/\/unterwegs.wersa.de\/wp-content\/uploads\/2023\/11\/IMG_E3659.jpg\" alt=\"\" class=\"wp-image-4622\" srcset=\"http:\/\/unterwegs.wersa.de\/wp-content\/uploads\/2023\/11\/IMG_E3659.jpg 910w, http:\/\/unterwegs.wersa.de\/wp-content\/uploads\/2023\/11\/IMG_E3659-300x226.jpg 300w, http:\/\/unterwegs.wersa.de\/wp-content\/uploads\/2023\/11\/IMG_E3659-768x578.jpg 768w, http:\/\/unterwegs.wersa.de\/wp-content\/uploads\/2023\/11\/IMG_E3659-120x90.jpg 120w\" sizes=\"auto, (max-width: 910px) 100vw, 910px\" \/><\/figure>\n\n\n\n<figure class=\"wp-block-image size-large\"><img loading=\"lazy\" decoding=\"async\" width=\"1010\" height=\"573\" data-id=\"4620\" src=\"http:\/\/unterwegs.wersa.de\/wp-content\/uploads\/2023\/11\/IMG_E3652.jpg\" alt=\"\" class=\"wp-image-4620\" srcset=\"http:\/\/unterwegs.wersa.de\/wp-content\/uploads\/2023\/11\/IMG_E3652.jpg 1010w, http:\/\/unterwegs.wersa.de\/wp-content\/uploads\/2023\/11\/IMG_E3652-300x170.jpg 300w, http:\/\/unterwegs.wersa.de\/wp-content\/uploads\/2023\/11\/IMG_E3652-768x436.jpg 768w\" sizes=\"auto, (max-width: 1010px) 100vw, 1010px\" \/><\/figure>\n<\/figure>\n","protected":false},"excerpt":{"rendered":"<p>Aire de Camping Cars am Canal de Berry AdresseQuai du Canal, 18600 SancoinsH\u00f6he 192m \u00fc. M. Sancoins liegt s\u00fcdwestlich von Nevers, ungef\u00e4hr 25 km westlich von der Rennstrecke Magny-Cours entfernt. Hier gibt es den Canal de Berry, und direkt an diesem Kanal gibt es einen gem\u00fctlichen, kostenlosen Stellplatz f\u00fcr ca. 20 &#8211; 25 Wohnmobile. Stellfl\u00e4chenOffiziell&hellip;<\/p>\n","protected":false},"author":2,"featured_media":4623,"parent":1256,"menu_order":0,"comment_status":"closed","ping_status":"closed","template":"","meta":{"footnotes":""},"class_list":["post-4612","page","type-page","status-publish","has-post-thumbnail","hentry"],"_links":{"self":[{"href":"http:\/\/unterwegs.wersa.de\/index.php?rest_route=\/wp\/v2\/pages\/4612","targetHints":{"allow":["GET"]}}],"collection":[{"href":"http:\/\/unterwegs.wersa.de\/index.php?rest_route=\/wp\/v2\/pages"}],"about":[{"href":"http:\/\/unterwegs.wersa.de\/index.php?rest_route=\/wp\/v2\/types\/page"}],"author":[{"embeddable":true,"href":"http:\/\/unterwegs.wersa.de\/index.php?rest_route=\/wp\/v2\/users\/2"}],"replies":[{"embeddable":true,"href":"http:\/\/unterwegs.wersa.de\/index.php?rest_route=%2Fwp%2Fv2%2Fcomments&post=4612"}],"version-history":[{"count":7,"href":"http:\/\/unterwegs.wersa.de\/index.php?rest_route=\/wp\/v2\/pages\/4612\/revisions"}],"predecessor-version":[{"id":4636,"href":"http:\/\/unterwegs.wersa.de\/index.php?rest_route=\/wp\/v2\/pages\/4612\/revisions\/4636"}],"up":[{"embeddable":true,"href":"http:\/\/unterwegs.wersa.de\/index.php?rest_route=\/wp\/v2\/pages\/1256"}],"wp:featuredmedia":[{"embeddable":true,"href":"http:\/\/unterwegs.wersa.de\/index.php?rest_route=\/wp\/v2\/media\/4623"}],"wp:attachment":[{"href":"http:\/\/unterwegs.wersa.de\/index.php?rest_route=%2Fwp%2Fv2%2Fmedia&parent=4612"}],"curies":[{"name":"wp","href":"https:\/\/api.w.org\/{rel}","templated":true}]}}