{"id":4654,"date":"2023-11-05T16:00:47","date_gmt":"2023-11-05T15:00:47","guid":{"rendered":"http:\/\/unterwegs.wersa.de\/?page_id=4654"},"modified":"2023-11-08T18:30:40","modified_gmt":"2023-11-08T17:30:40","slug":"koeerich-lux-2-2-3-2-3-2-3","status":"publish","type":"page","link":"http:\/\/unterwegs.wersa.de\/?page_id=4654","title":{"rendered":"Melay (F)"},"content":{"rendered":"\n<h3 class=\"wp-block-heading\">Aire Municipal Melay<\/h3>\n\n\n\n<p><strong>Adresse<\/strong><br>Les Poteaux, 71340 Melay, Frankreich<\/p>\n\n\n\n<p>Melay liegt knapp 100 km westlich von Macon und nordwestlich von Lyon im Tal der Loire am <em>Canal du Roanne \u00e0 Digoin<\/em>. Der Stellplatz befindet sich am Rand des Orts an einer Marina, also an einem kleinen Hafenbecken des Kanals. <\/p>\n\n\n\n<figure class=\"wp-block-gallery has-nested-images columns-default is-cropped wp-block-gallery-1 is-layout-flex wp-block-gallery-is-layout-flex\">\n<figure class=\"wp-block-image size-full\"><img loading=\"lazy\" decoding=\"async\" width=\"1010\" height=\"573\" data-id=\"4661\" src=\"http:\/\/unterwegs.wersa.de\/wp-content\/uploads\/2023\/11\/IMG_E0202.jpg\" alt=\"\" class=\"wp-image-4661\" srcset=\"http:\/\/unterwegs.wersa.de\/wp-content\/uploads\/2023\/11\/IMG_E0202.jpg 1010w, http:\/\/unterwegs.wersa.de\/wp-content\/uploads\/2023\/11\/IMG_E0202-300x170.jpg 300w, http:\/\/unterwegs.wersa.de\/wp-content\/uploads\/2023\/11\/IMG_E0202-768x436.jpg 768w\" sizes=\"auto, (max-width: 1010px) 100vw, 1010px\" \/><\/figure>\n\n\n\n<figure class=\"wp-block-image size-full\"><img loading=\"lazy\" decoding=\"async\" width=\"1010\" height=\"573\" data-id=\"4660\" src=\"http:\/\/unterwegs.wersa.de\/wp-content\/uploads\/2023\/11\/IMG_E0201.jpg\" alt=\"\" class=\"wp-image-4660\" srcset=\"http:\/\/unterwegs.wersa.de\/wp-content\/uploads\/2023\/11\/IMG_E0201.jpg 1010w, http:\/\/unterwegs.wersa.de\/wp-content\/uploads\/2023\/11\/IMG_E0201-300x170.jpg 300w, http:\/\/unterwegs.wersa.de\/wp-content\/uploads\/2023\/11\/IMG_E0201-768x436.jpg 768w\" sizes=\"auto, (max-width: 1010px) 100vw, 1010px\" \/><\/figure>\n<\/figure>\n\n\n\n<p><strong>Stellfl\u00e4chen<\/strong><br>Ein Stellplatz mitten im Land, offiziell mit 6 parzellierte Pl\u00e4tze auf befestigtem asphaltiertem Untergrund. Es gibt weitere PKW-Parzellen f\u00fcr kleinere Mobile wie z.B. Bullis. Mehrere Pcknicktische am PLatz.<\/p>\n\n\n<div class=\"wp-block-image\">\n<figure class=\"alignright size-full is-resized\"><img loading=\"lazy\" decoding=\"async\" width=\"910\" height=\"685\" src=\"http:\/\/unterwegs.wersa.de\/wp-content\/uploads\/2023\/11\/IMG_E0208.jpg\" alt=\"\" class=\"wp-image-4673\" style=\"aspect-ratio:1.3284671532846715;width:377px;height:auto\" srcset=\"http:\/\/unterwegs.wersa.de\/wp-content\/uploads\/2023\/11\/IMG_E0208.jpg 910w, http:\/\/unterwegs.wersa.de\/wp-content\/uploads\/2023\/11\/IMG_E0208-300x226.jpg 300w, http:\/\/unterwegs.wersa.de\/wp-content\/uploads\/2023\/11\/IMG_E0208-768x578.jpg 768w, http:\/\/unterwegs.wersa.de\/wp-content\/uploads\/2023\/11\/IMG_E0208-120x90.jpg 120w\" sizes=\"auto, (max-width: 910px) 100vw, 910px\" \/><\/figure><\/div>\n\n\n<p><strong>Geb\u00fchren<\/strong> (2022)<\/p>\n\n\n\n<figure class=\"wp-block-table is-style-stripes\"><table><tbody><tr><td>Stellplatz<\/td><td>kostenlos; <\/td><\/tr><tr><td>Ver- und Entsorgung<br>.<\/td><td>mit Bodeneinlass und ein WC-Geb\u00e4ude sind vorhanden <br>Wasser gegen Geb\u00fchr<\/td><\/tr><tr><td>Strom<\/td><td>gegen Geb\u00fchr<\/td><\/tr><\/tbody><\/table><\/figure>\n\n\n\n<p><strong>Infrastruktur<\/strong><br>Melay ist ein kleiner Ort abseits der Hauptdurchgangsstra\u00dfen, es gibt aber einen kleinen Supermarkt und Einkehrm\u00f6glichkeiten. Der Platz ist ideal f\u00fcr die Durchgangsreise. <\/p>\n\n\n\n<figure class=\"wp-block-gallery has-nested-images columns-default is-cropped wp-block-gallery-2 is-layout-flex wp-block-gallery-is-layout-flex\">\n<figure class=\"wp-block-image size-full\"><img loading=\"lazy\" decoding=\"async\" width=\"1010\" height=\"573\" data-id=\"4659\" src=\"http:\/\/unterwegs.wersa.de\/wp-content\/uploads\/2023\/11\/IMG_E0199.jpg\" alt=\"\" class=\"wp-image-4659\" srcset=\"http:\/\/unterwegs.wersa.de\/wp-content\/uploads\/2023\/11\/IMG_E0199.jpg 1010w, http:\/\/unterwegs.wersa.de\/wp-content\/uploads\/2023\/11\/IMG_E0199-300x170.jpg 300w, http:\/\/unterwegs.wersa.de\/wp-content\/uploads\/2023\/11\/IMG_E0199-768x436.jpg 768w\" sizes=\"auto, (max-width: 1010px) 100vw, 1010px\" \/><\/figure>\n\n\n\n<figure class=\"wp-block-image size-full\"><img loading=\"lazy\" decoding=\"async\" width=\"1010\" height=\"573\" data-id=\"4662\" src=\"http:\/\/unterwegs.wersa.de\/wp-content\/uploads\/2023\/11\/IMG_E0210.jpg\" alt=\"\" class=\"wp-image-4662\" srcset=\"http:\/\/unterwegs.wersa.de\/wp-content\/uploads\/2023\/11\/IMG_E0210.jpg 1010w, http:\/\/unterwegs.wersa.de\/wp-content\/uploads\/2023\/11\/IMG_E0210-300x170.jpg 300w, http:\/\/unterwegs.wersa.de\/wp-content\/uploads\/2023\/11\/IMG_E0210-768x436.jpg 768w\" sizes=\"auto, (max-width: 1010px) 100vw, 1010px\" \/><\/figure>\n<\/figure>\n\n\n\n<p><strong>Zufahrt <\/strong><br>\u00dcber die D221.<\/p>\n\n\n\n<p><\/p>\n","protected":false},"excerpt":{"rendered":"<p>Aire Municipal Melay AdresseLes Poteaux, 71340 Melay, Frankreich Melay liegt knapp 100 km westlich von Macon und nordwestlich von Lyon im Tal der Loire am Canal du Roanne \u00e0 Digoin. Der Stellplatz befindet sich am Rand des Orts an einer Marina, also an einem kleinen Hafenbecken des Kanals. Stellfl\u00e4chenEin Stellplatz mitten im Land, offiziell mit&hellip;<\/p>\n","protected":false},"author":2,"featured_media":4663,"parent":1256,"menu_order":0,"comment_status":"closed","ping_status":"closed","template":"","meta":{"footnotes":""},"class_list":["post-4654","page","type-page","status-publish","has-post-thumbnail","hentry"],"_links":{"self":[{"href":"http:\/\/unterwegs.wersa.de\/index.php?rest_route=\/wp\/v2\/pages\/4654","targetHints":{"allow":["GET"]}}],"collection":[{"href":"http:\/\/unterwegs.wersa.de\/index.php?rest_route=\/wp\/v2\/pages"}],"about":[{"href":"http:\/\/unterwegs.wersa.de\/index.php?rest_route=\/wp\/v2\/types\/page"}],"author":[{"embeddable":true,"href":"http:\/\/unterwegs.wersa.de\/index.php?rest_route=\/wp\/v2\/users\/2"}],"replies":[{"embeddable":true,"href":"http:\/\/unterwegs.wersa.de\/index.php?rest_route=%2Fwp%2Fv2%2Fcomments&post=4654"}],"version-history":[{"count":8,"href":"http:\/\/unterwegs.wersa.de\/index.php?rest_route=\/wp\/v2\/pages\/4654\/revisions"}],"predecessor-version":[{"id":4702,"href":"http:\/\/unterwegs.wersa.de\/index.php?rest_route=\/wp\/v2\/pages\/4654\/revisions\/4702"}],"up":[{"embeddable":true,"href":"http:\/\/unterwegs.wersa.de\/index.php?rest_route=\/wp\/v2\/pages\/1256"}],"wp:featuredmedia":[{"embeddable":true,"href":"http:\/\/unterwegs.wersa.de\/index.php?rest_route=\/wp\/v2\/media\/4663"}],"wp:attachment":[{"href":"http:\/\/unterwegs.wersa.de\/index.php?rest_route=%2Fwp%2Fv2%2Fmedia&parent=4654"}],"curies":[{"name":"wp","href":"https:\/\/api.w.org\/{rel}","templated":true}]}}