{"id":5849,"date":"2024-06-27T14:20:00","date_gmt":"2024-06-27T12:20:00","guid":{"rendered":"http:\/\/unterwegs.wersa.de\/?page_id=5849"},"modified":"2024-06-27T14:22:39","modified_gmt":"2024-06-27T12:22:39","slug":"koeerich-lux-2-3-2","status":"publish","type":"page","link":"http:\/\/unterwegs.wersa.de\/?page_id=5849","title":{"rendered":"Bad Wildungen"},"content":{"rendered":"\n<h3 class=\"wp-block-heading\">Stellplatz f\u00fcr Wohnmobile am Bahnhof<\/h3>\n\n\n\n<p>In Bad Wildungen ist eine mittelgro\u00dfe Stadt s\u00fcdwestlich von Kassel und stellt mit dem Wohnmobilstellplatz an der Bahnhofstra\u00dfe eine sehr angenehmen und gepflegten Platz f\u00fcr 28 Fahrzeuge zur Verf\u00fcgung. Die Parzellen sind gro\u00df und mit Hecken voneninander getrennt. Der Kopfbahnhof und der angrenzende Busbahnhof liegen zwar in direkter N\u00e4he, st\u00f6ren aber nicht. <\/p>\n\n\n\n<figure class=\"wp-block-gallery has-nested-images columns-default is-cropped wp-block-gallery-1 is-layout-flex wp-block-gallery-is-layout-flex\">\n<figure class=\"wp-block-image size-large\"><img loading=\"lazy\" decoding=\"async\" width=\"1010\" height=\"573\" data-id=\"5852\" src=\"http:\/\/unterwegs.wersa.de\/wp-content\/uploads\/2024\/06\/IMG_6853.jpg\" alt=\"\" class=\"wp-image-5852\" srcset=\"http:\/\/unterwegs.wersa.de\/wp-content\/uploads\/2024\/06\/IMG_6853.jpg 1010w, http:\/\/unterwegs.wersa.de\/wp-content\/uploads\/2024\/06\/IMG_6853-300x170.jpg 300w, http:\/\/unterwegs.wersa.de\/wp-content\/uploads\/2024\/06\/IMG_6853-768x436.jpg 768w\" sizes=\"auto, (max-width: 1010px) 100vw, 1010px\" \/><\/figure>\n\n\n\n<figure class=\"wp-block-image size-large\"><img loading=\"lazy\" decoding=\"async\" width=\"1010\" height=\"573\" data-id=\"5857\" src=\"http:\/\/unterwegs.wersa.de\/wp-content\/uploads\/2024\/06\/IMG_6858.jpg\" alt=\"\" class=\"wp-image-5857\" srcset=\"http:\/\/unterwegs.wersa.de\/wp-content\/uploads\/2024\/06\/IMG_6858.jpg 1010w, http:\/\/unterwegs.wersa.de\/wp-content\/uploads\/2024\/06\/IMG_6858-300x170.jpg 300w, http:\/\/unterwegs.wersa.de\/wp-content\/uploads\/2024\/06\/IMG_6858-768x436.jpg 768w\" sizes=\"auto, (max-width: 1010px) 100vw, 1010px\" \/><\/figure>\n<\/figure>\n\n\n\n<p><strong>Stellfl\u00e4chen<\/strong><br>Aufdem Hauptplatz befinden sich 16 Rasengitter-Pl\u00e4tze, jeweils mit Hecken voneinander getrennt.<br>Weitere Ausweichpl\u00e4tze befinden hinter dem Bahnhof, insgesamt werden 28 Pl\u00e4tze genannt.<\/p>\n\n\n<div class=\"wp-block-image\">\n<figure class=\"alignleft size-full is-resized\"><img loading=\"lazy\" decoding=\"async\" width=\"793\" height=\"910\" src=\"http:\/\/unterwegs.wersa.de\/wp-content\/uploads\/2024\/06\/IMG_6871.jpg\" alt=\"\" class=\"wp-image-5858\" style=\"width:288px;height:auto\" srcset=\"http:\/\/unterwegs.wersa.de\/wp-content\/uploads\/2024\/06\/IMG_6871.jpg 793w, http:\/\/unterwegs.wersa.de\/wp-content\/uploads\/2024\/06\/IMG_6871-261x300.jpg 261w, http:\/\/unterwegs.wersa.de\/wp-content\/uploads\/2024\/06\/IMG_6871-768x881.jpg 768w\" sizes=\"auto, (max-width: 793px) 100vw, 793px\" \/><\/figure><\/div>\n\n\n<p><strong>Adresse<\/strong><br>Bahnhofstra\u00dfe 31, 34537 Bad Zwesten<\/p>\n\n\n\n<p><strong>Stellplatzgeb\u00fchr<\/strong><br>(2024) 5 Euro f\u00fcr 24 Stunden werden an einem Automaten gezahlt. Bezahlung mit M\u00fcnzen, Karten oder per Parkster-App sind m\u00f6glich, vorbildlich! <br>Die Aufenthaltsdauer ist auf maximal drei Tage begrenzt.<\/p>\n\n\n\n<p>Der Stellplatz ist in der Regel gut besucht, daher schadet in der Hauptsaison eine fr\u00fche Anreise nicht.<\/p>\n\n\n\n<p><strong>Ver- &amp; Entsorgung<\/strong><br>Toiletten- und Grauwasserentsorgung mit Bodeneinlass, sowie Stroms\u00e4ulen sind vorhanden. Auch M\u00fcll kann entsorgt werden, Frischwasser und Strom gegen Geb\u00fchr. <\/p>\n\n\n\n<figure class=\"wp-block-gallery has-nested-images columns-default is-cropped wp-block-gallery-2 is-layout-flex wp-block-gallery-is-layout-flex\">\n<figure class=\"wp-block-image size-full\"><img loading=\"lazy\" decoding=\"async\" width=\"1010\" height=\"573\" data-id=\"5855\" src=\"http:\/\/unterwegs.wersa.de\/wp-content\/uploads\/2024\/06\/IMG_6872.jpg\" alt=\"\" class=\"wp-image-5855\" srcset=\"http:\/\/unterwegs.wersa.de\/wp-content\/uploads\/2024\/06\/IMG_6872.jpg 1010w, http:\/\/unterwegs.wersa.de\/wp-content\/uploads\/2024\/06\/IMG_6872-300x170.jpg 300w, http:\/\/unterwegs.wersa.de\/wp-content\/uploads\/2024\/06\/IMG_6872-768x436.jpg 768w\" sizes=\"auto, (max-width: 1010px) 100vw, 1010px\" \/><\/figure>\n\n\n\n<figure class=\"wp-block-image size-full\"><img loading=\"lazy\" decoding=\"async\" width=\"1010\" height=\"572\" data-id=\"5853\" src=\"http:\/\/unterwegs.wersa.de\/wp-content\/uploads\/2024\/06\/IMG_6857.jpg\" alt=\"\" class=\"wp-image-5853\" srcset=\"http:\/\/unterwegs.wersa.de\/wp-content\/uploads\/2024\/06\/IMG_6857.jpg 1010w, http:\/\/unterwegs.wersa.de\/wp-content\/uploads\/2024\/06\/IMG_6857-300x170.jpg 300w, http:\/\/unterwegs.wersa.de\/wp-content\/uploads\/2024\/06\/IMG_6857-768x435.jpg 768w\" sizes=\"auto, (max-width: 1010px) 100vw, 1010px\" \/><\/figure>\n<\/figure>\n\n\n\n<p><strong>Infrastruktur<\/strong><br>In direkter N\u00e4he befinden sich zwei gro\u00dfe Diskoutm\u00e4rkte.<br>Im Ort gibt eine Fu\u00dfg\u00e4ngerzone und verschiedene Gastst\u00e4tten. weiter durch beginnt der Kurbereich.<\/p>\n","protected":false},"excerpt":{"rendered":"<p>Stellplatz f\u00fcr Wohnmobile am Bahnhof In Bad Wildungen ist eine mittelgro\u00dfe Stadt s\u00fcdwestlich von Kassel und stellt mit dem Wohnmobilstellplatz an der Bahnhofstra\u00dfe eine sehr angenehmen und gepflegten Platz f\u00fcr 28 Fahrzeuge zur Verf\u00fcgung. Die Parzellen sind gro\u00df und mit Hecken voneninander getrennt. Der Kopfbahnhof und der angrenzende Busbahnhof liegen zwar in direkter N\u00e4he, st\u00f6ren&hellip;<\/p>\n","protected":false},"author":2,"featured_media":5854,"parent":0,"menu_order":0,"comment_status":"closed","ping_status":"closed","template":"","meta":{"footnotes":""},"class_list":["post-5849","page","type-page","status-publish","has-post-thumbnail","hentry"],"_links":{"self":[{"href":"http:\/\/unterwegs.wersa.de\/index.php?rest_route=\/wp\/v2\/pages\/5849","targetHints":{"allow":["GET"]}}],"collection":[{"href":"http:\/\/unterwegs.wersa.de\/index.php?rest_route=\/wp\/v2\/pages"}],"about":[{"href":"http:\/\/unterwegs.wersa.de\/index.php?rest_route=\/wp\/v2\/types\/page"}],"author":[{"embeddable":true,"href":"http:\/\/unterwegs.wersa.de\/index.php?rest_route=\/wp\/v2\/users\/2"}],"replies":[{"embeddable":true,"href":"http:\/\/unterwegs.wersa.de\/index.php?rest_route=%2Fwp%2Fv2%2Fcomments&post=5849"}],"version-history":[{"count":5,"href":"http:\/\/unterwegs.wersa.de\/index.php?rest_route=\/wp\/v2\/pages\/5849\/revisions"}],"predecessor-version":[{"id":5860,"href":"http:\/\/unterwegs.wersa.de\/index.php?rest_route=\/wp\/v2\/pages\/5849\/revisions\/5860"}],"wp:featuredmedia":[{"embeddable":true,"href":"http:\/\/unterwegs.wersa.de\/index.php?rest_route=\/wp\/v2\/media\/5854"}],"wp:attachment":[{"href":"http:\/\/unterwegs.wersa.de\/index.php?rest_route=%2Fwp%2Fv2%2Fmedia&parent=5849"}],"curies":[{"name":"wp","href":"https:\/\/api.w.org\/{rel}","templated":true}]}}